{"id":3518,"date":"2022-08-23T07:05:33","date_gmt":"2022-08-23T05:05:33","guid":{"rendered":"https:\/\/dev.masterfoam.com\/sobre\/"},"modified":"2023-01-06T17:51:51","modified_gmt":"2023-01-06T16:51:51","slug":"sobre-nosotros","status":"publish","type":"page","link":"https:\/\/masterfoam.com\/es\/empresa\/sobre-nosotros\/","title":{"rendered":"Sobre nosotros"},"content":{"rendered":"<p>[et_pb_section fb_built=\u00bb1&#8243; _builder_version=\u00bb4.16&#8243; _module_preset=\u00bbdefault\u00bb background_enable_color=\u00bboff\u00bb background_image=\u00bbhttps:\/\/masterfoam.com\/wp-content\/uploads\/2022\/02\/company-cover.jpg\u00bb height=\u00bb50vh\u00bb max_height=\u00bb700px\u00bb global_colors_info=\u00bb{}\u00bb][\/et_pb_section][et_pb_section fb_built=\u00bb1&#8243; _builder_version=\u00bb4.16&#8243; _module_preset=\u00bbdefault\u00bb background_color=\u00bbRGBA(255,255,255,0)\u00bb custom_margin=\u00bb-60px||-15px||false|false\u00bb custom_padding=\u00bb0px||0px||false|false\u00bb global_colors_info=\u00bb{}\u00bb][et_pb_row _builder_version=\u00bb4.16&#8243; _module_preset=\u00bbdefault\u00bb background_color=\u00bb#FFFFFF\u00bb custom_margin=\u00bb||30px||false|false\u00bb custom_padding=\u00bb18px|30px|0px|30px|false|false\u00bb global_colors_info=\u00bb{}\u00bb][et_pb_column type=\u00bb4_4&#8243; _builder_version=\u00bb4.16&#8243; _module_preset=\u00bbdefault\u00bb global_colors_info=\u00bb{}\u00bb][et_pb_text _builder_version=\u00bb4.16&#8243; _module_preset=\u00bbdefault\u00bb text_font_size=\u00bb30px\u00bb header_font=\u00bb|700|||||||\u00bb header_text_align=\u00bbleft\u00bb header_font_size=\u00bb38px\u00bb header_line_height=\u00bb1.4em\u00bb text_orientation=\u00bbcenter\u00bb custom_margin=\u00bb||0px||false|false\u00bb global_colors_info=\u00bb{}\u00bb]<\/p>\n<h1>Sobre<\/h1>\n<p>[\/et_pb_text][et_pb_text _builder_version=\u00bb4.16&#8243; _module_preset=\u00bbdefault\u00bb text_font_size=\u00bb18px\u00bb text_line_height=\u00bb1.75em\u00bb module_alignment=\u00bbcenter\u00bb global_colors_info=\u00bb{}\u00bb]muchos retos relacionados con la producci\u00f3n y fabricaci\u00f3n de materiales flexibles como espumas, l\u00e1minas, fieltros y materiales filtrantes.[\/et_pb_text][\/et_pb_column][\/et_pb_row][\/et_pb_section][et_pb_section fb_built=\u00bb1&#8243; _builder_version=\u00bb4.16&#8243; _module_preset=\u00bbdefault\u00bb custom_padding=\u00bb0px||20px||false|false\u00bb global_colors_info=\u00bb{}\u00bb][et_pb_row column_structure=\u00bb1_2,1_2&#8243; _builder_version=\u00bb4.16&#8243; _module_preset=\u00bbdefault\u00bb custom_padding=\u00bb|30px||30px|false|false\u00bb global_colors_info=\u00bb{}\u00bb][et_pb_column type=\u00bb1_2&#8243; _builder_version=\u00bb4.16&#8243; _module_preset=\u00bbdefault\u00bb global_colors_info=\u00bb{}\u00bb][et_pb_text _builder_version=\u00bb4.19.4&#8243; _module_preset=\u00bbdefault\u00bb hover_enabled=\u00bb0&#8243; global_colors_info=\u00bb{}\u00bb sticky_enabled=\u00bb0&#8243;]<\/p>\n<p>Desde la industria de la automoci\u00f3n (con soluciones de sellado y NVH), hasta el embalaje de cojines, la filtraci\u00f3n y las aplicaciones industriales, Masterfoam convierte espumas blandas, cauchos celulares, l\u00e1minas y materiales de vell\u00f3n para casi cualquier industria actual.<\/p>\n<p>M\u00e1s de 140 empleados, 4 plantas de producci\u00f3n (Pa\u00edses Bajos\/Ruman\u00eda\/M\u00e9xico\/Espa\u00f1a), as\u00ed como nuestras oficinas de ventas en Alemania y el Reino Unido cumplen las m\u00e1s altas expectativas. Se puede fabricar casi cualquier material flexible en forma de corte, corte, fresado, taladrado, pegado, recubrimiento, chorro de agua, cosido, soldadura ultravioleta, prensado t\u00e9rmico, impresi\u00f3n, moldeado y mucho m\u00e1s.<\/p>\n<p>No s\u00f3lo la moderna maquinaria, sino tambi\u00e9n el equipo de expertos altamente cualificados en la fabricaci\u00f3n de materiales flexibles, garantiza encontrar al cliente la soluci\u00f3n t\u00e9cnica ideal para cualquier tipo de aplicaci\u00f3n.<\/p>\n<p>[\/et_pb_text][et_pb_image src=\u00bbhttps:\/\/masterfoam.com\/wp-content\/uploads\/2022\/02\/company-2.jpg\u00bb title_text=\u00bbcompany-2&#8243; _builder_version=\u00bb4.16&#8243; _module_preset=\u00bbdefault\u00bb global_colors_info=\u00bb{}\u00bb][\/et_pb_image][\/et_pb_column][et_pb_column type=\u00bb1_2&#8243; _builder_version=\u00bb4.16&#8243; _module_preset=\u00bbdefault\u00bb global_colors_info=\u00bb{}\u00bb][et_pb_text module_class=\u00bbdots-list\u00bb _builder_version=\u00bb4.19.4&#8243; _module_preset=\u00bbdefault\u00bb text_font_size=\u00bb15px\u00bb custom_margin=\u00bb||||false|false\u00bb custom_padding=\u00bb||||false|false\u00bb hover_enabled=\u00bb0&#8243; global_colors_info=\u00bb{}\u00bb sticky_enabled=\u00bb0&#8243;]<\/p>\n<ol>\n<li><span class=\"date\">1964<\/span>Fundaci\u00f3n de Vito Pa\u00edses Bajos<\/li>\n<li><span class=\"date\">1976<\/span>Adquisici\u00f3n por parte de Tel y cambio de nombre a Tel Products<\/li>\n<li><span class=\"date\">2002<\/span>Adquisici\u00f3n por parte de Hein Wiegerinck, cambio de nombre a Masterfoam<\/li>\n<li><span class=\"date\">2008<\/span>Entrada de Udo J. Storck como accionista<\/li>\n<li><span class=\"date\"><\/span>Fundaci\u00f3n de Masterfoam Alemania como oficina de ventas<\/li>\n<li><span class=\"date\">2008<\/span>Fundaci\u00f3n de Masterfoam Ruman\u00eda para la producci\u00f3n de piezas de automoci\u00f3n<\/li>\n<li><span class=\"date\">2011<\/span>Toma de posesi\u00f3n de Udo Storck y Wadinko, Zwolle<\/li>\n<li><span class=\"date\">2015<\/span>Integraci\u00f3n de Ixpax GmbH en el Grupo<\/li>\n<li><span class=\"date\"><\/span>Primera ISO TS 16949 de la planta rumana<\/li>\n<li><span class=\"date\"><\/span>Integraci\u00f3n de la producci\u00f3n de espuma moldeada en nuestra planta rumana, tras la adquisici\u00f3n por escisi\u00f3n de una planta de producci\u00f3n alemana.<\/li>\n<li><span class=\"date\">2016<\/span>Inicio de las obras de construcci\u00f3n de la nueva, ampliada y moderna planta de producci\u00f3n de Sieu Magherus\/Ruman\u00eda<\/li>\n<li><span class=\"date\">2017<\/span>Traslado a la nueva f\u00e1brica de Ruman\u00eda<\/li>\n<li><span class=\"date\">2018<\/span>Kramo ha comprado la mayor\u00eda de las acciones de Wadinko y ha integrado su propia planta de procesamiento en el Grupo Masterfoam<\/li>\n<li><span class=\"date\">2019<\/span>Inicio de Masterfoam Flexsolutions en Quer\u00e9taro\/ M\u00e9xico<\/li>\n<li><span class=\"date\">2023<\/span>Adquisici\u00f3n de Gergonne Espa\u00f1a, S.L.U., filial del grupo franc\u00e9s Gergonne lndustry. Cambio de nombre a Masterfoam Flexsolutions S.L.U.<\/li>\n<\/ol>\n<p>[\/et_pb_text][\/et_pb_column][\/et_pb_row][\/et_pb_section][et_pb_section fb_built=\u00bb1&#8243; _builder_version=\u00bb4.16&#8243; _module_preset=\u00bbdefault\u00bb custom_padding=\u00bb0px||0px||false|false\u00bb border_color_all=\u00bb#FFFFFF\u00bb border_width_top=\u00bb1px\u00bb border_color_top=\u00bb#ededed\u00bb saved_tabs=\u00bball\u00bb global_colors_info=\u00bb{}\u00bb][et_pb_row _builder_version=\u00bb4.16&#8243; _module_preset=\u00bbdefault\u00bb custom_padding=\u00bb15px|30px|15px|30px|false|false\u00bb global_colors_info=\u00bb{}\u00bb][et_pb_column type=\u00bb4_4&#8243; _builder_version=\u00bb4.16&#8243; _module_preset=\u00bbdefault\u00bb global_colors_info=\u00bb{}\u00bb][et_pb_code _builder_version=\u00bb4.16&#8243; _module_preset=\u00bbdefault\u00bb global_colors_info=\u00bb{}\u00bb]<nav aria-label=\"breadcrumbs\" class=\"rank-math-breadcrumb\"><p><span class=\"last\">Home<\/span><\/p><\/nav> [\/et_pb_code][\/et_pb_column][\/et_pb_row][\/et_pb_section]<\/p>\n","protected":false},"excerpt":{"rendered":"<p>Sobremuchos retos relacionados con la producci\u00f3n y fabricaci\u00f3n de materiales flexibles como espumas, l\u00e1minas, fieltros y materiales filtrantes.Desde la industria de la automoci\u00f3n (con soluciones de sellado y NVH), hasta el embalaje de cojines, la filtraci\u00f3n y las aplicaciones industriales, Masterfoam convierte espumas blandas, cauchos celulares, l\u00e1minas y materiales de vell\u00f3n para casi cualquier industria [&hellip;]<\/p>\n","protected":false},"author":1,"featured_media":0,"parent":3565,"menu_order":0,"comment_status":"closed","ping_status":"closed","template":"","meta":{"_et_pb_use_builder":"on","_et_pb_old_content":"","_et_gb_content_width":"","footnotes":""},"class_list":["post-3518","page","type-page","status-publish","hentry"],"_links":{"self":[{"href":"https:\/\/masterfoam.com\/es\/wp-json\/wp\/v2\/pages\/3518","targetHints":{"allow":["GET"]}}],"collection":[{"href":"https:\/\/masterfoam.com\/es\/wp-json\/wp\/v2\/pages"}],"about":[{"href":"https:\/\/masterfoam.com\/es\/wp-json\/wp\/v2\/types\/page"}],"author":[{"embeddable":true,"href":"https:\/\/masterfoam.com\/es\/wp-json\/wp\/v2\/users\/1"}],"replies":[{"embeddable":true,"href":"https:\/\/masterfoam.com\/es\/wp-json\/wp\/v2\/comments?post=3518"}],"version-history":[{"count":13,"href":"https:\/\/masterfoam.com\/es\/wp-json\/wp\/v2\/pages\/3518\/revisions"}],"predecessor-version":[{"id":5238,"href":"https:\/\/masterfoam.com\/es\/wp-json\/wp\/v2\/pages\/3518\/revisions\/5238"}],"up":[{"embeddable":true,"href":"https:\/\/masterfoam.com\/es\/wp-json\/wp\/v2\/pages\/3565"}],"wp:attachment":[{"href":"https:\/\/masterfoam.com\/es\/wp-json\/wp\/v2\/media?parent=3518"}],"curies":[{"name":"wp","href":"https:\/\/api.w.org\/{rel}","templated":true}]}}