{"id":3738,"date":"2022-08-27T15:38:47","date_gmt":"2022-08-27T13:38:47","guid":{"rendered":"https:\/\/dev.masterfoam.com\/tecnologias\/serigrafia\/"},"modified":"2022-08-27T15:38:50","modified_gmt":"2022-08-27T13:38:50","slug":"serigrafia","status":"publish","type":"page","link":"https:\/\/masterfoam.com\/es\/tecnologias\/serigrafia\/","title":{"rendered":"Serigraf\u00eda"},"content":{"rendered":"<p>[et_pb_section fb_built=\u00bb1&#8243; _builder_version=\u00bb4.16&#8243; _module_preset=\u00bbdefault\u00bb background_enable_color=\u00bboff\u00bb background_image=\u00bbhttps:\/\/masterfoam.com\/wp-content\/uploads\/2022\/02\/MASTERFOAM_Silk-screen-printing.jpg\u00bb height=\u00bb50vh\u00bb max_height=\u00bb700px\u00bb module_alignment_tablet=\u00bb\u00bb module_alignment_phone=\u00bb\u00bb module_alignment_last_edited=\u00bbon|desktop\u00bb global_colors_info=\u00bb{}\u00bb][\/et_pb_section][et_pb_section fb_built=\u00bb1&#8243; _builder_version=\u00bb4.16&#8243; _module_preset=\u00bbdefault\u00bb background_color=\u00bbRGBA(255,255,255,0)\u00bb custom_margin=\u00bb-60px||-15px||false|false\u00bb custom_padding=\u00bb0px||0px||false|false\u00bb global_colors_info=\u00bb{}\u00bb][et_pb_row _builder_version=\u00bb4.16&#8243; _module_preset=\u00bbdefault\u00bb background_color=\u00bb#FFFFFF\u00bb custom_margin=\u00bb||30px||false|false\u00bb custom_padding=\u00bb18px|30px|0px|30px|false|false\u00bb global_colors_info=\u00bb{}\u00bb][et_pb_column type=\u00bb4_4&#8243; _builder_version=\u00bb4.16&#8243; _module_preset=\u00bbdefault\u00bb global_colors_info=\u00bb{}\u00bb][et_pb_text _builder_version=\u00bb4.16&#8243; _module_preset=\u00bbdefault\u00bb text_font_size=\u00bb30px\u00bb header_font=\u00bb|700|||||||\u00bb header_text_align=\u00bbleft\u00bb header_font_size=\u00bb38px\u00bb header_line_height=\u00bb1.4em\u00bb text_orientation=\u00bbcenter\u00bb custom_margin=\u00bb||0px||false|false\u00bb global_colors_info=\u00bb{}\u00bb]<\/p>\n<h1>Serigraf\u00eda<\/h1>\n<p>[\/et_pb_text][et_pb_text _builder_version=\u00bb4.16&#8243; _module_preset=\u00bbdefault\u00bb text_font_size=\u00bb18px\u00bb text_line_height=\u00bb1.75em\u00bb global_colors_info=\u00bb{}\u00bb]<\/p>\n<p>La serigraf\u00eda es una t\u00e9cnica de impresi\u00f3n en la que se utiliza una malla para transferir tinta a un sustrato, excepto en las zonas impermeables a la tinta mediante una plantilla de bloqueo. Una cuchilla o rasqueta se desplaza por la pantalla para llenar de tinta las aberturas abiertas de la malla, y un movimiento inverso hace que la pantalla toque moment\u00e1neamente el sustrato a lo largo de una l\u00ednea de contacto. Se imprime un color a la vez, por lo que se pueden utilizar varias pantallas para producir una imagen o un dise\u00f1o multicolor.<\/p>\n<p>[\/et_pb_text][\/et_pb_column][\/et_pb_row][\/et_pb_section][et_pb_section fb_built=\u00bb1&#8243; _builder_version=\u00bb4.16&#8243; _module_preset=\u00bbdefault\u00bb custom_padding=\u00bb0px||20px||false|false\u00bb global_colors_info=\u00bb{}\u00bb][et_pb_row column_structure=\u00bb1_2,1_2&#8243; _builder_version=\u00bb4.16&#8243; _module_preset=\u00bbdefault\u00bb custom_padding=\u00bb|30px||30px|false|false\u00bb global_colors_info=\u00bb{}\u00bb][et_pb_column type=\u00bb1_2&#8243; _builder_version=\u00bb4.16&#8243; _module_preset=\u00bbdefault\u00bb global_colors_info=\u00bb{}\u00bb][et_pb_image src=\u00bbhttps:\/\/masterfoam.com\/wp-content\/uploads\/2022\/02\/MASTERFOAM_Silk-screen-printing.jpg\u00bb alt=\u00bbMASTERFOAM Serigraf\u00eda\u00bb title_text=\u00bbMASTERFOAM Serigraf\u00eda\u00bb _builder_version=\u00bb4.16&#8243; _module_preset=\u00bbdefault\u00bb global_colors_info=\u00bb{}\u00bb][\/et_pb_image][\/et_pb_column][et_pb_column type=\u00bb1_2&#8243; _builder_version=\u00bb4.16&#8243; _module_preset=\u00bbdefault\u00bb global_colors_info=\u00bb{}\u00bb][et_pb_text ul_type=\u00bbnone\u00bb _builder_version=\u00bb4.18.0&#8243; _module_preset=\u00bbdefault\u00bb text_font_size=\u00bb15px\u00bb ul_text_align=\u00bbleft\u00bb header_2_font=\u00bb|600|||||||\u00bb custom_margin=\u00bb||||false|false\u00bb custom_padding=\u00bb||||false|false\u00bb hover_enabled=\u00bb0&#8243; global_colors_info=\u00bb{}\u00bb sticky_enabled=\u00bb0&#8243;]<\/p>\n<h2>Beneficios<\/h2>\n<ul class=\"fa-ul\">\n<li><strong><span class=\"fa-li\"><i class=\"fa-solid fa-angle-right\"><\/i><\/span>Personalizar la pieza con marcas espec\u00edficas del cliente<\/strong><\/li>\n<li><span class=\"fa-li\"><i class=\"fa-solid fa-angle-right\"><\/i><\/span><strong>Mejora de la trazabilidad<\/strong><\/li>\n<li><span class=\"fa-li\"><i class=\"fa-solid fa-angle-right\"><\/i><\/span><strong>Marca del producto a\u00f1adiendo el nombre o el logotipo<\/strong><\/li>\n<\/ul>\n<p>[\/et_pb_text][\/et_pb_column][\/et_pb_row][et_pb_row _builder_version=\u00bb4.15.1&#8243; _module_preset=\u00bbdefault\u00bb custom_margin=\u00bb||||false|false\u00bb custom_padding=\u00bb0px|30px|0px|30px|false|false\u00bb global_module=\u00bb3142&#8243; locked=\u00bboff\u00bb global_colors_info=\u00bb{}\u00bb][et_pb_column type=\u00bb4_4&#8243; _builder_version=\u00bb4.16&#8243; _module_preset=\u00bbdefault\u00bb global_colors_info=\u00bb{}\u00bb][et_pb_divider color=\u00bb#666666&#8243; _builder_version=\u00bb4.16&#8243; _module_preset=\u00bbdefault\u00bb global_colors_info=\u00bb{}\u00bb][\/et_pb_divider][\/et_pb_column][\/et_pb_row][et_pb_row column_structure=\u00bb1_4,1_4,1_4,1_4&#8243; _builder_version=\u00bb4.15.1&#8243; _module_preset=\u00bbdefault\u00bb custom_margin=\u00bb||||false|false\u00bb custom_padding=\u00bb|30px|0px|30px|false|false\u00bb global_module=\u00bb3143&#8243; saved_tabs=\u00bball\u00bb global_colors_info=\u00bb{}\u00bb][et_pb_column type=\u00bb1_4&#8243; _builder_version=\u00bb4.16&#8243; _module_preset=\u00bbdefault\u00bb global_colors_info=\u00bb{}\u00bb][et_pb_image src=\u00bbhttps:\/\/masterfoam.com\/wp-content\/uploads\/2022\/02\/MASTERFOAM_Thermopress.jpg\u00bb alt=\u00bbMASTERFOAM Termoformado\u00bb title_text=\u00bbMASTERFOAM Termoformado\u00bb url=\u00bbhttps:\/\/masterfoam.com\/technologies\/thermoforming\/\u00bb show_bottom_space=\u00bboff\u00bb _builder_version=\u00bb4.16&#8243; _module_preset=\u00bbdefault\u00bb custom_margin=\u00bb||10px||false|false\u00bb global_colors_info=\u00bb{}\u00bb][\/et_pb_image][et_pb_text _builder_version=\u00bb4.16&#8243; _module_preset=\u00bbdefault\u00bb header_4_font=\u00bb|600|||||||\u00bb link_option_url=\u00bbhttps:\/\/masterfoam.com\/technologies\/thermoforming\/\u00bb global_colors_info=\u00bb{}\u00bb]<\/p>\n<h4>Termoformado<\/h4>\n<p>[\/et_pb_text][\/et_pb_column][et_pb_column type=\u00bb1_4&#8243; _builder_version=\u00bb4.16&#8243; _module_preset=\u00bbdefault\u00bb global_colors_info=\u00bb{}\u00bb][et_pb_image src=\u00bbhttps:\/\/masterfoam.com\/wp-content\/uploads\/2022\/02\/MASTERFOAM_High-Frequency-Welding.jpg\u00bb alt=\u00bbMASTERFOAM Soldadura de alta frecuencia\u00bb title_text=\u00bbMASTERFOAM Soldadura de alta frecuencia\u00bb url=\u00bbhttps:\/\/masterfoam.com\/es\/tecnologias\/soldadura-de-alta-frecuencia\/\u00bb show_bottom_space=\u00bboff\u00bb _builder_version=\u00bb4.16&#8243; _module_preset=\u00bbdefault\u00bb custom_margin=\u00bb||10px||false|false\u00bb global_colors_info=\u00bb{}\u00bb][\/et_pb_image][et_pb_text _builder_version=\u00bb4.16&#8243; _module_preset=\u00bbdefault\u00bb header_4_font=\u00bb|600|||||||\u00bb link_option_url=\u00bbhttps:\/\/masterfoam.com\/es\/tecnologias\/soldadura-de-alta-frecuencia\/\u00bb global_colors_info=\u00bb{}\u00bb]<\/p>\n<h4>Soldadura de alta frecuencia<\/h4>\n<p>[\/et_pb_text][\/et_pb_column][et_pb_column type=\u00bb1_4&#8243; _builder_version=\u00bb4.16&#8243; _module_preset=\u00bbdefault\u00bb global_colors_info=\u00bb{}\u00bb][et_pb_image src=\u00bbhttps:\/\/masterfoam.com\/wp-content\/uploads\/2022\/02\/MASTERFOAM_Ultrasonic-Cut-and-Seal.jpg\u00bb alt=\u00bbMASTERFOAM Corte y sellado por ultrasonidos\u00bb title_text=\u00bbMASTERFOAM Corte y sellado por ultrasonidos\u00bb url=\u00bbhttps:\/\/masterfoam.com\/technologies\/ultrasonic-cut-and-seal\/\u00bb show_bottom_space=\u00bboff\u00bb _builder_version=\u00bb4.16&#8243; _module_preset=\u00bbdefault\u00bb custom_margin=\u00bb||10px||false|false\u00bb global_colors_info=\u00bb{}\u00bb][\/et_pb_image][et_pb_text _builder_version=\u00bb4.16&#8243; _module_preset=\u00bbdefault\u00bb header_4_font=\u00bb|600|||||||\u00bb link_option_url=\u00bbhttps:\/\/masterfoam.com\/technologies\/ultrasonic-cut-and-seal\/\u00bb global_colors_info=\u00bb{}\u00bb]<\/p>\n<h4>Corte y sellado por ultrasonidos<\/h4>\n<p>[\/et_pb_text][\/et_pb_column][et_pb_column type=\u00bb1_4&#8243; _builder_version=\u00bb4.16&#8243; _module_preset=\u00bbdefault\u00bb global_colors_info=\u00bb{}\u00bb][et_pb_image src=\u00bbhttps:\/\/masterfoam.com\/wp-content\/uploads\/2022\/02\/MASTERFOAM_Sewing.jpg\u00bb alt=\u00bbMASTERFOAM Costura\u00bb title_text=\u00bbMASTERFOAM Costura\u00bb url=\u00bbhttps:\/\/masterfoam.com\/es\/tecnologias\/costura\/\u00bb show_bottom_space=\u00bboff\u00bb _builder_version=\u00bb4.16&#8243; _module_preset=\u00bbdefault\u00bb custom_margin=\u00bb||10px||false|false\u00bb global_colors_info=\u00bb{}\u00bb][\/et_pb_image][et_pb_text _builder_version=\u00bb4.16&#8243; _module_preset=\u00bbdefault\u00bb header_4_font=\u00bb|600|||||||\u00bb link_option_url=\u00bbhttps:\/\/masterfoam.com\/es\/tecnologias\/costura\/\u00bb global_colors_info=\u00bb{}\u00bb]<\/p>\n<h4>Costura<\/h4>\n<p>[\/et_pb_text][\/et_pb_column][\/et_pb_row][et_pb_row column_structure=\u00bb1_4,1_4,1_4,1_4&#8243; _builder_version=\u00bb4.15.1&#8243; _module_preset=\u00bbdefault\u00bb custom_padding=\u00bb|30px|0px|30px|false|false\u00bb global_module=\u00bb3145&#8243; saved_tabs=\u00bball\u00bb global_colors_info=\u00bb{}\u00bb][et_pb_column type=\u00bb1_4&#8243; _builder_version=\u00bb4.16&#8243; _module_preset=\u00bbdefault\u00bb global_colors_info=\u00bb{}\u00bb][et_pb_image src=\u00bbhttps:\/\/masterfoam.com\/wp-content\/uploads\/2022\/02\/MASTERFOAM_Moulded-Rebond-Foam-Parts.jpg\u00bb alt=\u00bbMASTERFOAM Piezas de espuma de rebote moldeada\u00bb title_text=\u00bbMASTERFOAM Piezas de espuma de rebote moldeada\u00bb url=\u00bbhttps:\/\/masterfoam.com\/es\/tecnologias\/piezas-de-espuma-de-rebote-moldeadas\/\u00bb show_bottom_space=\u00bboff\u00bb _builder_version=\u00bb4.16&#8243; _module_preset=\u00bbdefault\u00bb custom_margin=\u00bb||10px||false|false\u00bb global_colors_info=\u00bb{}\u00bb][\/et_pb_image][et_pb_text _builder_version=\u00bb4.16&#8243; _module_preset=\u00bbdefault\u00bb header_4_font=\u00bb|600|||||||\u00bb link_option_url=\u00bbhttps:\/\/masterfoam.com\/es\/tecnologias\/piezas-de-espuma-de-rebote-moldeadas\/\u00bb global_colors_info=\u00bb{}\u00bb]<\/p>\n<h4>Piezas de espuma de rebote moldeadas<\/h4>\n<p>[\/et_pb_text][\/et_pb_column][et_pb_column type=\u00bb1_4&#8243; _builder_version=\u00bb4.16&#8243; _module_preset=\u00bbdefault\u00bb global_colors_info=\u00bb{}\u00bb][et_pb_image src=\u00bbhttps:\/\/masterfoam.com\/wp-content\/uploads\/2022\/02\/MASTERFOAM_Lamination.jpg\u00bb alt=\u00bbMASTERFOAM Laminaci\u00f3n\u00bb title_text=\u00bbMASTERFOAM Laminaci\u00f3n\u00bb url=\u00bbhttps:\/\/masterfoam.com\/es\/tecnologias\/laminacion\/\u00bb show_bottom_space=\u00bboff\u00bb _builder_version=\u00bb4.16&#8243; _module_preset=\u00bbdefault\u00bb custom_margin=\u00bb||10px||false|false\u00bb global_colors_info=\u00bb{}\u00bb][\/et_pb_image][et_pb_text _builder_version=\u00bb4.16&#8243; _module_preset=\u00bbdefault\u00bb header_4_font=\u00bb|600|||||||\u00bb link_option_url=\u00bbhttps:\/\/masterfoam.com\/es\/tecnologias\/laminacion\/\u00bb global_colors_info=\u00bb{}\u00bb]<\/p>\n<h4>Laminaci\u00f3n<\/h4>\n<p>[\/et_pb_text][\/et_pb_column][et_pb_column type=\u00bb1_4&#8243; _builder_version=\u00bb4.16&#8243; _module_preset=\u00bbdefault\u00bb global_colors_info=\u00bb{}\u00bb][et_pb_image src=\u00bbhttps:\/\/masterfoam.com\/wp-content\/uploads\/2022\/02\/MASTERFOAM_Flatbad-Lamination.jpg\u00bb alt=\u00bbMASTERFOAM Corte y sellado por ultrasonidos\u00bb title_text=\u00bbMASTERFOAM Laminaci\u00f3n plana\u00bb url=\u00bbhttps:\/\/masterfoam.com\/es\/tecnologias\/laminacion-plana\/\u00bb show_bottom_space=\u00bboff\u00bb _builder_version=\u00bb4.16&#8243; _module_preset=\u00bbdefault\u00bb custom_margin=\u00bb||10px||false|false\u00bb global_colors_info=\u00bb{}\u00bb][\/et_pb_image][et_pb_text _builder_version=\u00bb4.16&#8243; _module_preset=\u00bbdefault\u00bb header_4_font=\u00bb|600|||||||\u00bb link_option_url=\u00bbhttps:\/\/masterfoam.com\/es\/tecnologias\/laminacion-plana\/\u00bb global_colors_info=\u00bb{}\u00bb]<\/p>\n<h4>Laminaci\u00f3n plana<\/h4>\n<p>[\/et_pb_text][\/et_pb_column][et_pb_column type=\u00bb1_4&#8243; _builder_version=\u00bb4.16&#8243; _module_preset=\u00bbdefault\u00bb global_colors_info=\u00bb{}\u00bb][et_pb_image src=\u00bbhttps:\/\/masterfoam.com\/wp-content\/uploads\/2022\/02\/MASTERFOAM_Inkjet.jpg\u00bb alt=\u00bbMASTERFOAM Chorro de tinta\u00bb title_text=\u00bbMASTERFOAM Chorro de tinta\u00bb url=\u00bbhttps:\/\/masterfoam.com\/es\/tecnologias\/chorro-de-tinta\/\u00bb show_bottom_space=\u00bboff\u00bb _builder_version=\u00bb4.16&#8243; _module_preset=\u00bbdefault\u00bb custom_margin=\u00bb||10px||false|false\u00bb global_colors_info=\u00bb{}\u00bb][\/et_pb_image][et_pb_text _builder_version=\u00bb4.16&#8243; _module_preset=\u00bbdefault\u00bb header_4_font=\u00bb|600|||||||\u00bb link_option_url=\u00bbhttps:\/\/masterfoam.com\/es\/tecnologias\/chorro-de-tinta\/\u00bb global_colors_info=\u00bb{}\u00bb]<\/p>\n<h4>Chorro de tinta<\/h4>\n<p>[\/et_pb_text][\/et_pb_column][\/et_pb_row][et_pb_row column_structure=\u00bb1_4,1_4,1_4,1_4&#8243; _builder_version=\u00bb4.15.1&#8243; _module_preset=\u00bbdefault\u00bb custom_margin=\u00bb||||false|false\u00bb custom_padding=\u00bb|30px|0px|30px|false|false\u00bb global_module=\u00bb3146&#8243; saved_tabs=\u00bball\u00bb global_colors_info=\u00bb{}\u00bb][et_pb_column type=\u00bb1_4&#8243; _builder_version=\u00bb4.16&#8243; _module_preset=\u00bbdefault\u00bb global_colors_info=\u00bb{}\u00bb][et_pb_image src=\u00bbhttps:\/\/masterfoam.com\/wp-content\/uploads\/2022\/02\/MASTERFOAM_Silk-screen-printing.jpg\u00bb alt=\u00bbMASTERFOAM Serigraf\u00eda\u00bb title_text=\u00bbMASTERFOAM Serigraf\u00eda\u00bb url=\u00bbhttps:\/\/masterfoam.com\/es\/tecnologias\/serigrafia\/\u00bb show_bottom_space=\u00bboff\u00bb _builder_version=\u00bb4.16&#8243; _module_preset=\u00bbdefault\u00bb custom_margin=\u00bb||10px||false|false\u00bb global_colors_info=\u00bb{}\u00bb][\/et_pb_image][et_pb_text _builder_version=\u00bb4.16&#8243; _module_preset=\u00bbdefault\u00bb header_4_font=\u00bb|600|||||||\u00bb link_option_url=\u00bbhttps:\/\/masterfoam.com\/es\/tecnologias\/serigrafia\/\u00bb global_colors_info=\u00bb{}\u00bb]<\/p>\n<h4>Serigraf\u00eda<\/h4>\n<p>[\/et_pb_text][\/et_pb_column][et_pb_column type=\u00bb1_4&#8243; _builder_version=\u00bb4.16&#8243; _module_preset=\u00bbdefault\u00bb global_colors_info=\u00bb{}\u00bb][et_pb_image src=\u00bbhttps:\/\/masterfoam.com\/wp-content\/uploads\/2022\/02\/MASTERFOAM_Robot-Milling.jpg\u00bb alt=\u00bbMASTERFOAM Fresado con robot\u00bb title_text=\u00bbMASTERFOAM Fresado con robot\u00bb url=\u00bbhttps:\/\/masterfoam.com\/es\/tecnologias\/fresado-con-robot\/\u00bb show_bottom_space=\u00bboff\u00bb _builder_version=\u00bb4.16&#8243; _module_preset=\u00bbdefault\u00bb custom_margin=\u00bb||10px||false|false\u00bb global_colors_info=\u00bb{}\u00bb][\/et_pb_image][et_pb_text _builder_version=\u00bb4.16&#8243; _module_preset=\u00bbdefault\u00bb header_4_font=\u00bb|600|||||||\u00bb link_option_url=\u00bbhttps:\/\/masterfoam.com\/es\/tecnologias\/fresado-con-robot\/\u00bb global_colors_info=\u00bb{}\u00bb]<\/p>\n<h4>Fresado con robot<\/h4>\n<p>[\/et_pb_text][\/et_pb_column][et_pb_column type=\u00bb1_4&#8243; _builder_version=\u00bb4.16&#8243; _module_preset=\u00bbdefault\u00bb global_colors_info=\u00bb{}\u00bb][et_pb_image src=\u00bbhttps:\/\/masterfoam.com\/wp-content\/uploads\/2022\/02\/MASTERFOAM_Water-Jet.jpg\u00bb alt=\u00bbMASTERFOAM Chorro de agua\u00bb title_text=\u00bbMASTERFOAM Chorro de agua\u00bb url=\u00bbhttps:\/\/masterfoam.com\/technologies\/waterjet\/\u00bb show_bottom_space=\u00bboff\u00bb _builder_version=\u00bb4.16&#8243; _module_preset=\u00bbdefault\u00bb custom_margin=\u00bb||10px||false|false\u00bb global_colors_info=\u00bb{}\u00bb][\/et_pb_image][et_pb_text _builder_version=\u00bb4.16&#8243; _module_preset=\u00bbdefault\u00bb header_4_font=\u00bb|600|||||||\u00bb link_option_url=\u00bbhttps:\/\/masterfoam.com\/technologies\/waterjet\/\u00bb global_colors_info=\u00bb{}\u00bb]<\/p>\n<h4>Chorro de agua<\/h4>\n<p>[\/et_pb_text][\/et_pb_column][et_pb_column type=\u00bb1_4&#8243; _builder_version=\u00bb4.16&#8243; _module_preset=\u00bbdefault\u00bb global_colors_info=\u00bb{}\u00bb][et_pb_image src=\u00bbhttps:\/\/masterfoam.com\/wp-content\/uploads\/2022\/02\/MASTERFOAM_Compression-Cut.jpg\u00bb alt=\u00bbMASTERFOAM Corte 3D\u00bb title_text=\u00bbMASTERFOAM Corte 3D\u00bb url=\u00bbhttps:\/\/masterfoam.com\/es\/tecnologias\/corte-3d\/\u00bb show_bottom_space=\u00bboff\u00bb _builder_version=\u00bb4.16&#8243; _module_preset=\u00bbdefault\u00bb custom_margin=\u00bb||10px||false|false\u00bb global_colors_info=\u00bb{}\u00bb][\/et_pb_image][et_pb_text _builder_version=\u00bb4.16&#8243; _module_preset=\u00bbdefault\u00bb header_4_font=\u00bb|600|||||||\u00bb link_option_url=\u00bbhttps:\/\/masterfoam.com\/es\/tecnologias\/corte-3d\/\u00bb global_colors_info=\u00bb{}\u00bb]<\/p>\n<h4>Corte 3D<\/h4>\n<p>[\/et_pb_text][\/et_pb_column][\/et_pb_row][et_pb_row column_structure=\u00bb1_4,1_4,1_4,1_4&#8243; _builder_version=\u00bb4.15.1&#8243; _module_preset=\u00bbdefault\u00bb custom_padding=\u00bb|30px||30px|false|false\u00bb global_module=\u00bb3147&#8243; global_colors_info=\u00bb{}\u00bb][et_pb_column type=\u00bb1_4&#8243; _builder_version=\u00bb4.16&#8243; _module_preset=\u00bbdefault\u00bb global_colors_info=\u00bb{}\u00bb][et_pb_image src=\u00bbhttps:\/\/masterfoam.com\/wp-content\/uploads\/2022\/02\/MASTERFOAM_Kiss-Cut.jpg\u00bb alt=\u00bbMASTERFOAM Corte del beso\u00bb title_text=\u00bbMASTERFOAM Corte del beso\u00bb url=\u00bbhttps:\/\/masterfoam.com\/es\/tecnologias\/corte-del-beso\/\u00bb show_bottom_space=\u00bboff\u00bb _builder_version=\u00bb4.16&#8243; _module_preset=\u00bbdefault\u00bb custom_margin=\u00bb||10px||false|false\u00bb global_colors_info=\u00bb{}\u00bb][\/et_pb_image][et_pb_text _builder_version=\u00bb4.16&#8243; _module_preset=\u00bbdefault\u00bb header_4_font=\u00bb|600|||||||\u00bb link_option_url=\u00bbhttps:\/\/masterfoam.com\/es\/tecnologias\/corte-del-beso\/\u00bb global_colors_info=\u00bb{}\u00bb]<\/p>\n<h4>Corte del beso<\/h4>\n<p>[\/et_pb_text][\/et_pb_column][et_pb_column type=\u00bb1_4&#8243; _builder_version=\u00bb4.16&#8243; _module_preset=\u00bbdefault\u00bb global_colors_info=\u00bb{}\u00bb][et_pb_image src=\u00bbhttps:\/\/masterfoam.com\/wp-content\/uploads\/2022\/02\/MASTERFOAM_CAD-Plotter.jpg\u00bb alt=\u00bbMASTERFOAM Plotter CAD\u00bb title_text=\u00bbMASTERFOAM Plotter CAD\u00bb url=\u00bbhttps:\/\/masterfoam.com\/es\/tecnologias\/plotter-cad\/\u00bb show_bottom_space=\u00bboff\u00bb _builder_version=\u00bb4.16&#8243; _module_preset=\u00bbdefault\u00bb custom_margin=\u00bb||10px||false|false\u00bb global_colors_info=\u00bb{}\u00bb][\/et_pb_image][et_pb_text _builder_version=\u00bb4.16&#8243; _module_preset=\u00bbdefault\u00bb header_4_font=\u00bb|600|||||||\u00bb link_option_url=\u00bbhttps:\/\/masterfoam.com\/es\/tecnologias\/plotter-cad\/\u00bb global_colors_info=\u00bb{}\u00bb]<\/p>\n<h4>Plotter CAD<\/h4>\n<p>[\/et_pb_text][\/et_pb_column][et_pb_column type=\u00bb1_4&#8243; _builder_version=\u00bb4.16&#8243; _module_preset=\u00bbdefault\u00bb global_colors_info=\u00bb{}\u00bb][et_pb_image src=\u00bbhttps:\/\/masterfoam.com\/wp-content\/uploads\/2022\/02\/MASTERFOAM_Die-Cutting.jpg\u00bb alt=\u00bbMASTERFOAM Troquelado\u00bb title_text=\u00bbMASTERFOAM Troquelado\u00bb url=\u00bbhttps:\/\/masterfoam.com\/es\/tecnologias\/troquelado\/\u00bb show_bottom_space=\u00bboff\u00bb _builder_version=\u00bb4.16&#8243; _module_preset=\u00bbdefault\u00bb custom_margin=\u00bb||10px||false|false\u00bb global_colors_info=\u00bb{}\u00bb][\/et_pb_image][et_pb_text _builder_version=\u00bb4.16&#8243; _module_preset=\u00bbdefault\u00bb header_4_font=\u00bb|600|||||||\u00bb link_option_url=\u00bbhttps:\/\/masterfoam.com\/es\/tecnologias\/troquelado\/\u00bb global_colors_info=\u00bb{}\u00bb]<\/p>\n<h4>Troquelado<\/h4>\n<p>[\/et_pb_text][\/et_pb_column][et_pb_column type=\u00bb1_4&#8243; _builder_version=\u00bb4.16&#8243; _module_preset=\u00bbdefault\u00bb global_colors_info=\u00bb{}\u00bb][et_pb_image src=\u00bbhttps:\/\/masterfoam.com\/wp-content\/uploads\/2022\/03\/16_Spooling.png\u00bb alt=\u00bbMASTERFOAM Spooling\u00bb title_text=\u00bbMASTERFOAM Spooling\u00bb url=\u00bbhttps:\/\/masterfoam.com\/technologies\/spooling\/\u00bb show_bottom_space=\u00bboff\u00bb _builder_version=\u00bb4.16&#8243; _module_preset=\u00bbdefault\u00bb custom_margin=\u00bb||10px||false|false\u00bb global_colors_info=\u00bb{}\u00bb][\/et_pb_image][et_pb_text _builder_version=\u00bb4.16&#8243; _module_preset=\u00bbdefault\u00bb header_4_font=\u00bb|600|||||||\u00bb link_option_url=\u00bbhttps:\/\/masterfoam.com\/technologies\/spooling\/\u00bb global_colors_info=\u00bb{}\u00bb]<\/p>\n<h4>Spooling<\/h4>\n<p>[\/et_pb_text][\/et_pb_column][\/et_pb_row][\/et_pb_section][et_pb_section fb_built=\u00bb1&#8243; _builder_version=\u00bb4.14.8&#8243; _module_preset=\u00bbdefault\u00bb custom_padding=\u00bb0px||0px||false|false\u00bb border_color_all=\u00bb#FFFFFF\u00bb border_width_top=\u00bb1px\u00bb border_color_top=\u00bb#ededed\u00bb global_module=\u00bb2528&#8243; saved_tabs=\u00bball\u00bb global_colors_info=\u00bb{}\u00bb][et_pb_row _builder_version=\u00bb4.16&#8243; _module_preset=\u00bbdefault\u00bb custom_padding=\u00bb15px|30px|15px|30px|false|false\u00bb global_colors_info=\u00bb{}\u00bb][et_pb_column type=\u00bb4_4&#8243; _builder_version=\u00bb4.16&#8243; _module_preset=\u00bbdefault\u00bb global_colors_info=\u00bb{}\u00bb][et_pb_code _builder_version=\u00bb4.16&#8243; _module_preset=\u00bbdefault\u00bb global_colors_info=\u00bb{}\u00bb]<nav aria-label=\"breadcrumbs\" class=\"rank-math-breadcrumb\"><p><span class=\"last\">Home<\/span><\/p><\/nav> [\/et_pb_code][\/et_pb_column][\/et_pb_row][\/et_pb_section]<\/p>\n","protected":false},"excerpt":{"rendered":"<p>Serigraf\u00edaLa serigraf\u00eda es una t\u00e9cnica de impresi\u00f3n en la que se utiliza una malla para transferir tinta a un sustrato, excepto en las zonas impermeables a la tinta mediante una plantilla de bloqueo. Una cuchilla o rasqueta se desplaza por la pantalla para llenar de tinta las aberturas abiertas de la malla, y un movimiento [&hellip;]<\/p>\n","protected":false},"author":1,"featured_media":0,"parent":3621,"menu_order":0,"comment_status":"closed","ping_status":"closed","template":"","meta":{"_et_pb_use_builder":"on","_et_pb_old_content":"","_et_gb_content_width":"","footnotes":""},"class_list":["post-3738","page","type-page","status-publish","hentry"],"_links":{"self":[{"href":"https:\/\/masterfoam.com\/es\/wp-json\/wp\/v2\/pages\/3738","targetHints":{"allow":["GET"]}}],"collection":[{"href":"https:\/\/masterfoam.com\/es\/wp-json\/wp\/v2\/pages"}],"about":[{"href":"https:\/\/masterfoam.com\/es\/wp-json\/wp\/v2\/types\/page"}],"author":[{"embeddable":true,"href":"https:\/\/masterfoam.com\/es\/wp-json\/wp\/v2\/users\/1"}],"replies":[{"embeddable":true,"href":"https:\/\/masterfoam.com\/es\/wp-json\/wp\/v2\/comments?post=3738"}],"version-history":[{"count":7,"href":"https:\/\/masterfoam.com\/es\/wp-json\/wp\/v2\/pages\/3738\/revisions"}],"predecessor-version":[{"id":3746,"href":"https:\/\/masterfoam.com\/es\/wp-json\/wp\/v2\/pages\/3738\/revisions\/3746"}],"up":[{"embeddable":true,"href":"https:\/\/masterfoam.com\/es\/wp-json\/wp\/v2\/pages\/3621"}],"wp:attachment":[{"href":"https:\/\/masterfoam.com\/es\/wp-json\/wp\/v2\/media?parent=3738"}],"curies":[{"name":"wp","href":"https:\/\/api.w.org\/{rel}","templated":true}]}}