{"id":3747,"date":"2022-08-27T15:41:03","date_gmt":"2022-08-27T13:41:03","guid":{"rendered":"https:\/\/dev.masterfoam.com\/tecnologias\/spooling\/"},"modified":"2022-09-05T15:23:04","modified_gmt":"2022-09-05T13:23:04","slug":"rebobinado","status":"publish","type":"page","link":"https:\/\/masterfoam.com\/es\/tecnologias\/rebobinado\/","title":{"rendered":"Rebobinado"},"content":{"rendered":"<p>[et_pb_section fb_built=\u00bb1&#8243; _builder_version=\u00bb4.16&#8243; _module_preset=\u00bbdefault\u00bb background_enable_color=\u00bboff\u00bb background_image=\u00bbhttps:\/\/masterfoam.com\/wp-content\/uploads\/2022\/03\/16_Spooling.png\u00bb height=\u00bb50vh\u00bb max_height=\u00bb700px\u00bb module_alignment_tablet=\u00bb\u00bb module_alignment_phone=\u00bb\u00bb module_alignment_last_edited=\u00bbon|desktop\u00bb global_colors_info=\u00bb{}\u00bb][\/et_pb_section][et_pb_section fb_built=\u00bb1&#8243; _builder_version=\u00bb4.16&#8243; _module_preset=\u00bbdefault\u00bb background_color=\u00bbRGBA(255,255,255,0)\u00bb custom_margin=\u00bb-60px||-15px||false|false\u00bb custom_padding=\u00bb0px||0px||false|false\u00bb global_colors_info=\u00bb{}\u00bb][et_pb_row _builder_version=\u00bb4.16&#8243; _module_preset=\u00bbdefault\u00bb background_color=\u00bb#FFFFFF\u00bb custom_margin=\u00bb||30px||false|false\u00bb custom_padding=\u00bb18px|30px|0px|30px|false|false\u00bb global_colors_info=\u00bb{}\u00bb][et_pb_column type=\u00bb4_4&#8243; _builder_version=\u00bb4.16&#8243; _module_preset=\u00bbdefault\u00bb global_colors_info=\u00bb{}\u00bb][et_pb_text _builder_version=\u00bb4.18.0&#8243; _module_preset=\u00bbdefault\u00bb text_font_size=\u00bb30px\u00bb header_font=\u00bb|700|||||||\u00bb header_text_align=\u00bbleft\u00bb header_font_size=\u00bb38px\u00bb header_line_height=\u00bb1.4em\u00bb text_orientation=\u00bbcenter\u00bb custom_margin=\u00bb||0px||false|false\u00bb global_colors_info=\u00bb{}\u00bb]<\/p>\n<h1>Rebobinado<\/h1>\n<p>[\/et_pb_text][et_pb_text _builder_version=\u00bb4.16&#8243; _module_preset=\u00bbdefault\u00bb text_font_size=\u00bb18px\u00bb text_line_height=\u00bb1.75em\u00bb global_colors_info=\u00bb{}\u00bb]<\/p>\n<p>El proceso de bobinado crea cintas sin costuras en un \u00fanico carrete extralargo de cientos o incluso miles de metros. Cada carrete de espuma, caucho o cinta de alta adherencia est\u00e1 cortado con precisi\u00f3n para que la retirada del revestimiento antiadherente sea suave y uniforme. Las bobinas de cinta continua son perfectas para trabajos de larga duraci\u00f3n, como las aplicaciones automatizadas o las l\u00edneas de extrusi\u00f3n. El uso de cintas de espuma en bobina ahorra tiempo y mano de obra debido a que hay menos cambios y tiradas m\u00e1s largas, lo que da lugar a procesos m\u00e1s eficientes.<\/p>\n<p>[\/et_pb_text][\/et_pb_column][\/et_pb_row][\/et_pb_section][et_pb_section fb_built=\u00bb1&#8243; _builder_version=\u00bb4.16&#8243; _module_preset=\u00bbdefault\u00bb custom_padding=\u00bb0px||20px||false|false\u00bb global_colors_info=\u00bb{}\u00bb][et_pb_row column_structure=\u00bb1_2,1_2&#8243; _builder_version=\u00bb4.16&#8243; _module_preset=\u00bbdefault\u00bb custom_padding=\u00bb|30px||30px|false|false\u00bb global_colors_info=\u00bb{}\u00bb][et_pb_column type=\u00bb1_2&#8243; _builder_version=\u00bb4.16&#8243; _module_preset=\u00bbdefault\u00bb global_colors_info=\u00bb{}\u00bb][et_pb_image src=\u00bbhttps:\/\/masterfoam.com\/wp-content\/uploads\/2022\/02\/MASTERFOAM_Die-Cutting.jpg\u00bb alt=\u00bbMASTERFOAM Troquelado\u00bb title_text=\u00bbMASTERFOAM Troquelado\u00bb _builder_version=\u00bb4.16&#8243; _module_preset=\u00bbdefault\u00bb global_colors_info=\u00bb{}\u00bb][\/et_pb_image][\/et_pb_column][et_pb_column type=\u00bb1_2&#8243; _builder_version=\u00bb4.16&#8243; _module_preset=\u00bbdefault\u00bb global_colors_info=\u00bb{}\u00bb][et_pb_text ul_type=\u00bbnone\u00bb _builder_version=\u00bb4.18.0&#8243; _module_preset=\u00bbdefault\u00bb text_font_size=\u00bb15px\u00bb ul_text_align=\u00bbleft\u00bb header_2_font=\u00bb|600|||||||\u00bb custom_margin=\u00bb||||false|false\u00bb custom_padding=\u00bb||||false|false\u00bb global_colors_info=\u00bb{}\u00bb]<\/p>\n<h2>Beneficios<\/h2>\n<ul class=\"fa-ul\">\n<li><strong><span class=\"fa-li\"><i class=\"fa-solid fa-angle-right\"><\/i><\/span>Piezas f\u00e1cilmente desmontables<\/strong><\/li>\n<li><span class=\"fa-li\"><i class=\"fa-solid fa-angle-right\"><\/i><\/span><strong>Ideal para procesos automatizados y l\u00ednea de montaje<\/strong><\/li>\n<li><span class=\"fa-li\"><i class=\"fa-solid fa-angle-right\"><\/i><\/span><strong>Piezas cortadas con precisi\u00f3n<\/strong><\/li>\n<li><span class=\"fa-li\"><i class=\"fa-solid fa-angle-right\"><\/i><\/span><strong>Ahorro de tiempo, menos cambios<\/strong><\/li>\n<\/ul>\n<p>[\/et_pb_text][\/et_pb_column][\/et_pb_row][et_pb_row _builder_version=\u00bb4.16&#8243; _module_preset=\u00bbdefault\u00bb custom_margin=\u00bb||||false|false\u00bb custom_padding=\u00bb0px|30px|0px|30px|false|false\u00bb global_module=\u00bb3142&#8243; locked=\u00bboff\u00bb global_colors_info=\u00bb{}\u00bb][et_pb_column type=\u00bb4_4&#8243; _builder_version=\u00bb4.16&#8243; _module_preset=\u00bbdefault\u00bb global_colors_info=\u00bb{}\u00bb][et_pb_divider color=\u00bb#666666&#8243; _builder_version=\u00bb4.18.0&#8243; _module_preset=\u00bbdefault\u00bb locked=\u00bboff\u00bb global_colors_info=\u00bb{}\u00bb][\/et_pb_divider][\/et_pb_column][\/et_pb_row][et_pb_row column_structure=\u00bb1_4,1_4,1_4,1_4&#8243; _builder_version=\u00bb4.16&#8243; _module_preset=\u00bbdefault\u00bb custom_margin=\u00bb||||false|false\u00bb custom_padding=\u00bb|30px|0px|30px|false|false\u00bb global_module=\u00bb3143&#8243; saved_tabs=\u00bball\u00bb global_colors_info=\u00bb{}\u00bb][et_pb_column type=\u00bb1_4&#8243; _builder_version=\u00bb4.16&#8243; _module_preset=\u00bbdefault\u00bb global_colors_info=\u00bb{}\u00bb][et_pb_image src=\u00bbhttps:\/\/masterfoam.com\/wp-content\/uploads\/2022\/02\/MASTERFOAM_Thermopress.jpg\u00bb alt=\u00bbMASTERFOAM Termoformado\u00bb title_text=\u00bbMASTERFOAM Termoformado\u00bb url=\u00bb\/es\/tecnologias\/termoformado\/\u00bb show_bottom_space=\u00bboff\u00bb _builder_version=\u00bb4.18.0&#8243; _module_preset=\u00bbdefault\u00bb custom_margin=\u00bb||10px||false|false\u00bb global_colors_info=\u00bb{}\u00bb][\/et_pb_image][et_pb_text _builder_version=\u00bb4.18.0&#8243; _module_preset=\u00bbdefault\u00bb header_4_font=\u00bb|600|||||||\u00bb link_option_url=\u00bb\/es\/tecnologias\/termoformado\/\u00bb global_colors_info=\u00bb{}\u00bb]<\/p>\n<h4>Termoformado<\/h4>\n<p>[\/et_pb_text][\/et_pb_column][et_pb_column type=\u00bb1_4&#8243; _builder_version=\u00bb4.16&#8243; _module_preset=\u00bbdefault\u00bb global_colors_info=\u00bb{}\u00bb][et_pb_image src=\u00bbhttps:\/\/masterfoam.com\/wp-content\/uploads\/2022\/02\/MASTERFOAM_High-Frequency-Welding.jpg\u00bb alt=\u00bbMASTERFOAM Soldadura de alta frecuencia\u00bb title_text=\u00bbMASTERFOAM Soldadura de alta frecuencia\u00bb url=\u00bb\/es\/tecnologias\/soldadura-de-alta-frecuencia\/\u00bb show_bottom_space=\u00bboff\u00bb _builder_version=\u00bb4.18.0&#8243; _module_preset=\u00bbdefault\u00bb custom_margin=\u00bb||10px||false|false\u00bb global_colors_info=\u00bb{}\u00bb][\/et_pb_image][et_pb_text _builder_version=\u00bb4.18.0&#8243; _module_preset=\u00bbdefault\u00bb header_4_font=\u00bb|600|||||||\u00bb link_option_url=\u00bb\/es\/tecnologias\/soldadura-de-alta-frecuencia\/\u00bb global_colors_info=\u00bb{}\u00bb]<\/p>\n<h4>Soldadura de alta frecuencia<\/h4>\n<p>[\/et_pb_text][\/et_pb_column][et_pb_column type=\u00bb1_4&#8243; _builder_version=\u00bb4.16&#8243; _module_preset=\u00bbdefault\u00bb global_colors_info=\u00bb{}\u00bb][et_pb_image src=\u00bbhttps:\/\/masterfoam.com\/wp-content\/uploads\/2022\/02\/MASTERFOAM_Ultrasonic-Cut-and-Seal.jpg\u00bb alt=\u00bbMASTERFOAM Corte y sellado por ultrasonido\u00bb title_text=\u00bbMASTERFOAM Corte y sellado por ultrasonido\u00bb url=\u00bb\/es\/tecnologias\/corte-y-sellado-por-ultrasonido\/\u00bb show_bottom_space=\u00bboff\u00bb _builder_version=\u00bb4.18.0&#8243; _module_preset=\u00bbdefault\u00bb custom_margin=\u00bb||10px||false|false\u00bb global_colors_info=\u00bb{}\u00bb][\/et_pb_image][et_pb_text _builder_version=\u00bb4.18.0&#8243; _module_preset=\u00bbdefault\u00bb header_4_font=\u00bb|600|||||||\u00bb link_option_url=\u00bb\/es\/tecnologias\/corte-y-sellado-por-ultrasonido\/\u00bb global_colors_info=\u00bb{}\u00bb]<\/p>\n<h4>Corte y sellado por ultrasonido<\/h4>\n<p>[\/et_pb_text][\/et_pb_column][et_pb_column type=\u00bb1_4&#8243; _builder_version=\u00bb4.16&#8243; _module_preset=\u00bbdefault\u00bb global_colors_info=\u00bb{}\u00bb][et_pb_image src=\u00bbhttps:\/\/masterfoam.com\/wp-content\/uploads\/2022\/02\/MASTERFOAM_Sewing.jpg\u00bb alt=\u00bbMASTERFOAM Costura\u00bb title_text=\u00bbMASTERFOAM Costura\u00bb url=\u00bb\/es\/tecnologias\/costura\/\u00bb show_bottom_space=\u00bboff\u00bb _builder_version=\u00bb4.18.0&#8243; _module_preset=\u00bbdefault\u00bb custom_margin=\u00bb||10px||false|false\u00bb global_colors_info=\u00bb{}\u00bb][\/et_pb_image][et_pb_text _builder_version=\u00bb4.18.0&#8243; _module_preset=\u00bbdefault\u00bb header_4_font=\u00bb|600|||||||\u00bb link_option_url=\u00bb\/es\/tecnologias\/costura\/\u00bb global_colors_info=\u00bb{}\u00bb]<\/p>\n<h4>Costura<\/h4>\n<p>[\/et_pb_text][\/et_pb_column][\/et_pb_row][et_pb_row column_structure=\u00bb1_4,1_4,1_4,1_4&#8243; _builder_version=\u00bb4.16&#8243; _module_preset=\u00bbdefault\u00bb custom_padding=\u00bb|30px|0px|30px|false|false\u00bb global_module=\u00bb3145&#8243; saved_tabs=\u00bball\u00bb global_colors_info=\u00bb{}\u00bb][et_pb_column type=\u00bb1_4&#8243; _builder_version=\u00bb4.16&#8243; _module_preset=\u00bbdefault\u00bb global_colors_info=\u00bb{}\u00bb][et_pb_image src=\u00bbhttps:\/\/masterfoam.com\/wp-content\/uploads\/2022\/02\/MASTERFOAM_Moulded-Rebond-Foam-Parts.jpg\u00bb alt=\u00bbMASTERFOAM Piezas de espuma de reciclada moldeada\u00bb title_text=\u00bbMASTERFOAM Piezas de espuma de reciclada moldeada\u00bb url=\u00bb\/es\/tecnologias\/partes-moldeadas-de-espuma-reciclada\/\u00bb show_bottom_space=\u00bboff\u00bb _builder_version=\u00bb4.18.0&#8243; _module_preset=\u00bbdefault\u00bb custom_margin=\u00bb||10px||false|false\u00bb hover_enabled=\u00bb0&#8243; global_colors_info=\u00bb{}\u00bb sticky_enabled=\u00bb0&#8243;][\/et_pb_image][et_pb_text _builder_version=\u00bb4.18.0&#8243; _module_preset=\u00bbdefault\u00bb header_4_font=\u00bb|600|||||||\u00bb link_option_url=\u00bb\/es\/tecnologias\/partes-moldeadas-de-espuma-reciclada\/\u00bb hover_enabled=\u00bb0&#8243; global_colors_info=\u00bb{}\u00bb sticky_enabled=\u00bb0&#8243;]<\/p>\n<h4>Partes Moldeadas de Espuma Reciclada<\/h4>\n<p>[\/et_pb_text][\/et_pb_column][et_pb_column type=\u00bb1_4&#8243; _builder_version=\u00bb4.16&#8243; _module_preset=\u00bbdefault\u00bb global_colors_info=\u00bb{}\u00bb][et_pb_image src=\u00bbhttps:\/\/masterfoam.com\/wp-content\/uploads\/2022\/02\/MASTERFOAM_Lamination.jpg\u00bb alt=\u00bbMASTERFOAM Laminaci\u00f3n\u00bb title_text=\u00bbMASTERFOAM Laminaci\u00f3n\u00bb url=\u00bb\/es\/tecnologias\/laminacion\/\u00bb show_bottom_space=\u00bboff\u00bb _builder_version=\u00bb4.18.0&#8243; _module_preset=\u00bbdefault\u00bb custom_margin=\u00bb||10px||false|false\u00bb global_colors_info=\u00bb{}\u00bb][\/et_pb_image][et_pb_text _builder_version=\u00bb4.18.0&#8243; _module_preset=\u00bbdefault\u00bb header_4_font=\u00bb|600|||||||\u00bb link_option_url=\u00bb\/es\/tecnologias\/laminacion\/\u00bb global_colors_info=\u00bb{}\u00bb]<\/p>\n<h4>Laminaci\u00f3n<\/h4>\n<p>[\/et_pb_text][\/et_pb_column][et_pb_column type=\u00bb1_4&#8243; _builder_version=\u00bb4.16&#8243; _module_preset=\u00bbdefault\u00bb global_colors_info=\u00bb{}\u00bb][et_pb_image src=\u00bbhttps:\/\/masterfoam.com\/wp-content\/uploads\/2022\/02\/MASTERFOAM_Flatbad-Lamination.jpg\u00bb alt=\u00bbMASTERFOAM Corte y sellado por ultrasonido\u00bb title_text=\u00bbMASTERFOAM Laminaci\u00f3n plana\u00bb url=\u00bb\/es\/tecnologias\/laminacion-en-cama-plana\/\u00bb show_bottom_space=\u00bboff\u00bb _builder_version=\u00bb4.18.0&#8243; _module_preset=\u00bbdefault\u00bb custom_margin=\u00bb||10px||false|false\u00bb hover_enabled=\u00bb0&#8243; global_colors_info=\u00bb{}\u00bb sticky_enabled=\u00bb0&#8243;][\/et_pb_image][et_pb_text _builder_version=\u00bb4.18.0&#8243; _module_preset=\u00bbdefault\u00bb header_4_font=\u00bb|600|||||||\u00bb link_option_url=\u00bb\/es\/tecnologias\/laminacion-en-cama-plana\/\u00bb hover_enabled=\u00bb0&#8243; global_colors_info=\u00bb{}\u00bb sticky_enabled=\u00bb0&#8243;]<\/p>\n<h4>Laminaci\u00f3n en Cama plana<\/h4>\n<p>[\/et_pb_text][\/et_pb_column][et_pb_column type=\u00bb1_4&#8243; _builder_version=\u00bb4.16&#8243; _module_preset=\u00bbdefault\u00bb global_colors_info=\u00bb{}\u00bb][et_pb_image src=\u00bbhttps:\/\/masterfoam.com\/wp-content\/uploads\/2022\/02\/MASTERFOAM_Inkjet.jpg\u00bb alt=\u00bbMASTERFOAM Chorro de tinta\u00bb title_text=\u00bbMASTERFOAM Chorro de tinta\u00bb url=\u00bb\/es\/tecnologias\/impresion-inkjet\/\u00bb show_bottom_space=\u00bboff\u00bb _builder_version=\u00bb4.18.0&#8243; _module_preset=\u00bbdefault\u00bb custom_margin=\u00bb||10px||false|false\u00bb hover_enabled=\u00bb0&#8243; global_colors_info=\u00bb{}\u00bb sticky_enabled=\u00bb0&#8243;][\/et_pb_image][et_pb_text _builder_version=\u00bb4.18.0&#8243; _module_preset=\u00bbdefault\u00bb header_4_font=\u00bb|600|||||||\u00bb link_option_url=\u00bb\/es\/tecnologias\/impresion-inkjet\/\u00bb hover_enabled=\u00bb0&#8243; global_colors_info=\u00bb{}\u00bb sticky_enabled=\u00bb0&#8243;]<\/p>\n<h4>Impresi\u00f3n Inkjet<\/h4>\n<p>[\/et_pb_text][\/et_pb_column][\/et_pb_row][et_pb_row column_structure=\u00bb1_4,1_4,1_4,1_4&#8243; _builder_version=\u00bb4.16&#8243; _module_preset=\u00bbdefault\u00bb custom_margin=\u00bb||||false|false\u00bb custom_padding=\u00bb|30px|0px|30px|false|false\u00bb global_module=\u00bb3146&#8243; saved_tabs=\u00bball\u00bb global_colors_info=\u00bb{}\u00bb][et_pb_column type=\u00bb1_4&#8243; _builder_version=\u00bb4.16&#8243; _module_preset=\u00bbdefault\u00bb global_colors_info=\u00bb{}\u00bb][et_pb_image src=\u00bbhttps:\/\/masterfoam.com\/wp-content\/uploads\/2022\/02\/MASTERFOAM_Silk-screen-printing.jpg\u00bb alt=\u00bbMASTERFOAM Serigraf\u00eda\u00bb title_text=\u00bbMASTERFOAM Serigraf\u00eda\u00bb url=\u00bb\/es\/tecnologias\/serigrafia\/\u00bb show_bottom_space=\u00bboff\u00bb _builder_version=\u00bb4.18.0&#8243; _module_preset=\u00bbdefault\u00bb custom_margin=\u00bb||10px||false|false\u00bb global_colors_info=\u00bb{}\u00bb][\/et_pb_image][et_pb_text _builder_version=\u00bb4.18.0&#8243; _module_preset=\u00bbdefault\u00bb header_4_font=\u00bb|600|||||||\u00bb link_option_url=\u00bb\/es\/tecnologias\/serigrafia\/\u00bb global_colors_info=\u00bb{}\u00bb]<\/p>\n<h4>Serigraf\u00eda<\/h4>\n<p>[\/et_pb_text][\/et_pb_column][et_pb_column type=\u00bb1_4&#8243; _builder_version=\u00bb4.16&#8243; _module_preset=\u00bbdefault\u00bb global_colors_info=\u00bb{}\u00bb][et_pb_image src=\u00bbhttps:\/\/masterfoam.com\/wp-content\/uploads\/2022\/02\/MASTERFOAM_Robot-Milling.jpg\u00bb alt=\u00bbMASTERFOAM Fresado con robot\u00bb title_text=\u00bbMASTERFOAM Fresado con robot\u00bb url=\u00bb\/es\/tecnologias\/fresado-con-robot\/\u00bb show_bottom_space=\u00bboff\u00bb _builder_version=\u00bb4.18.0&#8243; _module_preset=\u00bbdefault\u00bb custom_margin=\u00bb||10px||false|false\u00bb global_colors_info=\u00bb{}\u00bb][\/et_pb_image][et_pb_text _builder_version=\u00bb4.18.0&#8243; _module_preset=\u00bbdefault\u00bb header_4_font=\u00bb|600|||||||\u00bb link_option_url=\u00bb\/es\/tecnologias\/fresado-con-robot\/\u00bb global_colors_info=\u00bb{}\u00bb]<\/p>\n<h4>Fresado con robot<\/h4>\n<p>[\/et_pb_text][\/et_pb_column][et_pb_column type=\u00bb1_4&#8243; _builder_version=\u00bb4.16&#8243; _module_preset=\u00bbdefault\u00bb global_colors_info=\u00bb{}\u00bb][et_pb_image src=\u00bbhttps:\/\/masterfoam.com\/wp-content\/uploads\/2022\/02\/MASTERFOAM_Water-Jet.jpg\u00bb alt=\u00bbMASTERFOAM Chorro de agua\u00bb title_text=\u00bbMASTERFOAM Chorro de agua\u00bb url=\u00bb\/es\/tecnologias\/corte-con-agua-a-presion\/\u00bb show_bottom_space=\u00bboff\u00bb _builder_version=\u00bb4.18.0&#8243; _module_preset=\u00bbdefault\u00bb custom_margin=\u00bb||10px||false|false\u00bb hover_enabled=\u00bb0&#8243; global_colors_info=\u00bb{}\u00bb sticky_enabled=\u00bb0&#8243;][\/et_pb_image][et_pb_text _builder_version=\u00bb4.18.0&#8243; _module_preset=\u00bbdefault\u00bb header_4_font=\u00bb|600|||||||\u00bb link_option_url=\u00bb\/es\/tecnologias\/corte-con-agua-a-presion\/\u00bb hover_enabled=\u00bb0&#8243; global_colors_info=\u00bb{}\u00bb sticky_enabled=\u00bb0&#8243;]<\/p>\n<h4>Corte con Agua a presi\u00f3n<\/h4>\n<p>[\/et_pb_text][\/et_pb_column][et_pb_column type=\u00bb1_4&#8243; _builder_version=\u00bb4.16&#8243; _module_preset=\u00bbdefault\u00bb global_colors_info=\u00bb{}\u00bb][et_pb_image src=\u00bbhttps:\/\/masterfoam.com\/wp-content\/uploads\/2022\/02\/MASTERFOAM_Compression-Cut.jpg\u00bb alt=\u00bbMASTERFOAM Corte 3D\u00bb title_text=\u00bbMASTERFOAM Corte 3D\u00bb url=\u00bb\/es\/tecnologias\/corte-3d\/\u00bb show_bottom_space=\u00bboff\u00bb _builder_version=\u00bb4.18.0&#8243; _module_preset=\u00bbdefault\u00bb custom_margin=\u00bb||10px||false|false\u00bb global_colors_info=\u00bb{}\u00bb][\/et_pb_image][et_pb_text _builder_version=\u00bb4.18.0&#8243; _module_preset=\u00bbdefault\u00bb header_4_font=\u00bb|600|||||||\u00bb link_option_url=\u00bb\/es\/tecnologias\/corte-3d\/\u00bb global_colors_info=\u00bb{}\u00bb]<\/p>\n<h4>Corte 3D<\/h4>\n<p>[\/et_pb_text][\/et_pb_column][\/et_pb_row][et_pb_row column_structure=\u00bb1_4,1_4,1_4,1_4&#8243; _builder_version=\u00bb4.16&#8243; _module_preset=\u00bbdefault\u00bb custom_padding=\u00bb|30px||30px|false|false\u00bb global_module=\u00bb3147&#8243; global_colors_info=\u00bb{}\u00bb][et_pb_column type=\u00bb1_4&#8243; _builder_version=\u00bb4.16&#8243; _module_preset=\u00bbdefault\u00bb global_colors_info=\u00bb{}\u00bb][et_pb_image src=\u00bbhttps:\/\/masterfoam.com\/wp-content\/uploads\/2022\/02\/MASTERFOAM_Kiss-Cut.jpg\u00bb alt=\u00bbMASTERFOAM Corte del beso\u00bb title_text=\u00bbMASTERFOAM Corte del beso\u00bb url=\u00bb\/es\/tecnologias\/corte-parcial-semicorte\/\u00bb show_bottom_space=\u00bboff\u00bb _builder_version=\u00bb4.18.0&#8243; _module_preset=\u00bbdefault\u00bb custom_margin=\u00bb||10px||false|false\u00bb hover_enabled=\u00bb0&#8243; global_colors_info=\u00bb{}\u00bb sticky_enabled=\u00bb0&#8243;][\/et_pb_image][et_pb_text _builder_version=\u00bb4.18.0&#8243; _module_preset=\u00bbdefault\u00bb header_4_font=\u00bb|600|||||||\u00bb link_option_url=\u00bb\/es\/tecnologias\/corte-parcial-semicorte\/\u00bb hover_enabled=\u00bb0&#8243; global_colors_info=\u00bb{}\u00bb sticky_enabled=\u00bb0&#8243;]<\/p>\n<h4>Corte parcial \/ Semicorte<\/h4>\n<p>[\/et_pb_text][\/et_pb_column][et_pb_column type=\u00bb1_4&#8243; _builder_version=\u00bb4.16&#8243; _module_preset=\u00bbdefault\u00bb global_colors_info=\u00bb{}\u00bb][et_pb_image src=\u00bbhttps:\/\/masterfoam.com\/wp-content\/uploads\/2022\/02\/MASTERFOAM_CAD-Plotter.jpg\u00bb alt=\u00bbMASTERFOAM Plotter CAD\u00bb title_text=\u00bbMASTERFOAM Plotter CAD\u00bb url=\u00bb\/es\/tecnologias\/plotter-cad\/\u00bb show_bottom_space=\u00bboff\u00bb _builder_version=\u00bb4.18.0&#8243; _module_preset=\u00bbdefault\u00bb custom_margin=\u00bb||10px||false|false\u00bb global_colors_info=\u00bb{}\u00bb][\/et_pb_image][et_pb_text _builder_version=\u00bb4.18.0&#8243; _module_preset=\u00bbdefault\u00bb header_4_font=\u00bb|600|||||||\u00bb link_option_url=\u00bb\/es\/tecnologias\/plotter-cad\/\u00bb global_colors_info=\u00bb{}\u00bb]<\/p>\n<h4>Plotter CAD<\/h4>\n<p>[\/et_pb_text][\/et_pb_column][et_pb_column type=\u00bb1_4&#8243; _builder_version=\u00bb4.16&#8243; _module_preset=\u00bbdefault\u00bb global_colors_info=\u00bb{}\u00bb][et_pb_image src=\u00bbhttps:\/\/masterfoam.com\/wp-content\/uploads\/2022\/02\/MASTERFOAM_Die-Cutting.jpg\u00bb alt=\u00bbMASTERFOAM Troquelado\u00bb title_text=\u00bbMASTERFOAM Troquelado\u00bb url=\u00bb\/es\/tecnologias\/troquelado\/\u00bb show_bottom_space=\u00bboff\u00bb _builder_version=\u00bb4.18.0&#8243; _module_preset=\u00bbdefault\u00bb custom_margin=\u00bb||10px||false|false\u00bb global_colors_info=\u00bb{}\u00bb][\/et_pb_image][et_pb_text _builder_version=\u00bb4.18.0&#8243; _module_preset=\u00bbdefault\u00bb header_4_font=\u00bb|600|||||||\u00bb link_option_url=\u00bb\/es\/tecnologias\/troquelado\/\u00bb global_colors_info=\u00bb{}\u00bb]<\/p>\n<h4>Troquelado<\/h4>\n<p>[\/et_pb_text][\/et_pb_column][et_pb_column type=\u00bb1_4&#8243; _builder_version=\u00bb4.16&#8243; _module_preset=\u00bbdefault\u00bb global_colors_info=\u00bb{}\u00bb][et_pb_image src=\u00bbhttps:\/\/masterfoam.com\/wp-content\/uploads\/2022\/03\/16_Spooling.png\u00bb alt=\u00bbMASTERFOAM Spooling\u00bb title_text=\u00bbMASTERFOAM Spooling\u00bb url=\u00bb\/es\/tecnologias\/rebobinado\/\u00bb show_bottom_space=\u00bboff\u00bb _builder_version=\u00bb4.18.0&#8243; _module_preset=\u00bbdefault\u00bb custom_margin=\u00bb||10px||false|false\u00bb hover_enabled=\u00bb0&#8243; global_colors_info=\u00bb{}\u00bb sticky_enabled=\u00bb0&#8243;][\/et_pb_image][et_pb_text _builder_version=\u00bb4.18.0&#8243; _module_preset=\u00bbdefault\u00bb header_4_font=\u00bb|600|||||||\u00bb link_option_url=\u00bb\/es\/tecnologias\/rebobinado\/\u00bb hover_enabled=\u00bb0&#8243; global_colors_info=\u00bb{}\u00bb sticky_enabled=\u00bb0&#8243;]<\/p>\n<h4>Rebobinado<\/h4>\n<p>[\/et_pb_text][\/et_pb_column][\/et_pb_row][\/et_pb_section][et_pb_section fb_built=\u00bb1&#8243; _builder_version=\u00bb4.16&#8243; _module_preset=\u00bbdefault\u00bb custom_padding=\u00bb0px||0px||false|false\u00bb border_color_all=\u00bb#FFFFFF\u00bb border_width_top=\u00bb1px\u00bb border_color_top=\u00bb#ededed\u00bb saved_tabs=\u00bball\u00bb global_colors_info=\u00bb{}\u00bb][et_pb_row _builder_version=\u00bb4.16&#8243; _module_preset=\u00bbdefault\u00bb custom_padding=\u00bb15px|30px|15px|30px|false|false\u00bb global_colors_info=\u00bb{}\u00bb][et_pb_column type=\u00bb4_4&#8243; _builder_version=\u00bb4.16&#8243; _module_preset=\u00bbdefault\u00bb global_colors_info=\u00bb{}\u00bb][et_pb_code _builder_version=\u00bb4.16&#8243; _module_preset=\u00bbdefault\u00bb global_colors_info=\u00bb{}\u00bb]<nav aria-label=\"breadcrumbs\" class=\"rank-math-breadcrumb\"><p><span class=\"last\">Home<\/span><\/p><\/nav> [\/et_pb_code][\/et_pb_column][\/et_pb_row][\/et_pb_section]<\/p>\n","protected":false},"excerpt":{"rendered":"<p>RebobinadoEl proceso de bobinado crea cintas sin costuras en un \u00fanico carrete extralargo de cientos o incluso miles de metros. Cada carrete de espuma, caucho o cinta de alta adherencia est\u00e1 cortado con precisi\u00f3n para que la retirada del revestimiento antiadherente sea suave y uniforme. Las bobinas de cinta continua son perfectas para trabajos de [&hellip;]<\/p>\n","protected":false},"author":1,"featured_media":0,"parent":3621,"menu_order":0,"comment_status":"closed","ping_status":"closed","template":"","meta":{"_et_pb_use_builder":"on","_et_pb_old_content":"","_et_gb_content_width":"","footnotes":""},"class_list":["post-3747","page","type-page","status-publish","hentry"],"_links":{"self":[{"href":"https:\/\/masterfoam.com\/es\/wp-json\/wp\/v2\/pages\/3747","targetHints":{"allow":["GET"]}}],"collection":[{"href":"https:\/\/masterfoam.com\/es\/wp-json\/wp\/v2\/pages"}],"about":[{"href":"https:\/\/masterfoam.com\/es\/wp-json\/wp\/v2\/types\/page"}],"author":[{"embeddable":true,"href":"https:\/\/masterfoam.com\/es\/wp-json\/wp\/v2\/users\/1"}],"replies":[{"embeddable":true,"href":"https:\/\/masterfoam.com\/es\/wp-json\/wp\/v2\/comments?post=3747"}],"version-history":[{"count":13,"href":"https:\/\/masterfoam.com\/es\/wp-json\/wp\/v2\/pages\/3747\/revisions"}],"predecessor-version":[{"id":4594,"href":"https:\/\/masterfoam.com\/es\/wp-json\/wp\/v2\/pages\/3747\/revisions\/4594"}],"up":[{"embeddable":true,"href":"https:\/\/masterfoam.com\/es\/wp-json\/wp\/v2\/pages\/3621"}],"wp:attachment":[{"href":"https:\/\/masterfoam.com\/es\/wp-json\/wp\/v2\/media?parent=3747"}],"curies":[{"name":"wp","href":"https:\/\/api.w.org\/{rel}","templated":true}]}}