{"id":3807,"date":"2022-08-27T16:19:47","date_gmt":"2022-08-27T14:19:47","guid":{"rendered":"https:\/\/dev.masterfoam.com\/materiales\/"},"modified":"2022-08-27T16:29:19","modified_gmt":"2022-08-27T14:29:19","slug":"materiales","status":"publish","type":"page","link":"https:\/\/masterfoam.com\/es\/materiales\/","title":{"rendered":"Materiales"},"content":{"rendered":"<p>[et_pb_section fb_built=\u00bb1&#8243; _builder_version=\u00bb4.16&#8243; _module_preset=\u00bbdefault\u00bb background_enable_color=\u00bboff\u00bb background_image=\u00bbhttps:\/\/masterfoam.com\/wp-content\/uploads\/2022\/03\/MASTERFOAM_008.jpg\u00bb height=\u00bb50vh\u00bb max_height=\u00bb700px\u00bb global_colors_info=\u00bb{}\u00bb][et_pb_row _builder_version=\u00bb4.16&#8243; _module_preset=\u00bbdefault\u00bb locked=\u00bboff\u00bb global_colors_info=\u00bb{}\u00bb][et_pb_column type=\u00bb4_4&#8243; _builder_version=\u00bb4.16&#8243; _module_preset=\u00bbdefault\u00bb global_colors_info=\u00bb{}\u00bb][et_pb_text _builder_version=\u00bb4.18.0&#8243; _module_preset=\u00bbdefault\u00bb text_font=\u00bb|700|||||||\u00bb text_text_color=\u00bb#40559e\u00bb text_font_size=\u00bb60px\u00bb text_line_height=\u00bb1.3em\u00bb text_orientation=\u00bbright\u00bb text_text_shadow_style=\u00bbpreset3&#8243; text_text_shadow_color=\u00bb#FFFFFF\u00bb global_colors_info=\u00bb{}\u00bb]M\u00e1s de 200<br \/>\ndiferentes materiales<br \/>\ntodos los d\u00edas[\/et_pb_text][\/et_pb_column][\/et_pb_row][\/et_pb_section][et_pb_section fb_built=\u00bb1&#8243; _builder_version=\u00bb4.16&#8243; _module_preset=\u00bbdefault\u00bb background_color=\u00bbRGBA(255,255,255,0)\u00bb custom_margin=\u00bb-60px||-15px||false|false\u00bb custom_padding=\u00bb0px||0px||false|false\u00bb global_colors_info=\u00bb{}\u00bb][et_pb_row _builder_version=\u00bb4.16&#8243; _module_preset=\u00bbdefault\u00bb background_color=\u00bb#FFFFFF\u00bb custom_margin=\u00bb||30px||false|false\u00bb custom_padding=\u00bb18px|30px|0px|30px|false|false\u00bb global_colors_info=\u00bb{}\u00bb][et_pb_column type=\u00bb4_4&#8243; _builder_version=\u00bb4.16&#8243; _module_preset=\u00bbdefault\u00bb global_colors_info=\u00bb{}\u00bb][et_pb_text _builder_version=\u00bb4.16&#8243; _module_preset=\u00bbdefault\u00bb text_font_size=\u00bb30px\u00bb header_font=\u00bb|700|||||||\u00bb header_text_align=\u00bbleft\u00bb header_font_size=\u00bb38px\u00bb header_line_height=\u00bb1.4em\u00bb text_orientation=\u00bbcenter\u00bb custom_margin=\u00bb||0px||false|false\u00bb custom_padding=\u00bb||||false|false\u00bb global_colors_info=\u00bb{}\u00bb]<\/p>\n<h1>Materiales<\/h1>\n<p>[\/et_pb_text][et_pb_text _builder_version=\u00bb4.16&#8243; _module_preset=\u00bbdefault\u00bb text_font_size=\u00bb18px\u00bb text_line_height=\u00bb1.75em\u00bb header_text_align=\u00bbleft\u00bb global_colors_info=\u00bb{}\u00bb]<\/p>\n<p>La variedad de materiales celulares, blandos y flexibles es casi ilimitada. Manejamos m\u00e1s de 200 materiales diferentes cada d\u00eda para satisfacer los m\u00e1s diversos requisitos de dise\u00f1o de productos. Los materiales son seleccionados por nosotros seg\u00fan las especificaciones y siempre reflejan el estado actual de desarrollo. En nuestras instalaciones de producci\u00f3n s\u00f3lo se procesan materiales que cumplen las normas Reach y ROHS. Nuestras d\u00e9cadas de experiencia permiten una selecci\u00f3n adecuada y prometedora en el curso del desarrollo del producto.<\/p>\n<p>[\/et_pb_text][\/et_pb_column][\/et_pb_row][\/et_pb_section][et_pb_section fb_built=\u00bb1&#8243; _builder_version=\u00bb4.16&#8243; _module_preset=\u00bbdefault\u00bb custom_padding=\u00bb0px||20px||false|false\u00bb global_colors_info=\u00bb{}\u00bb][et_pb_row column_structure=\u00bb1_4,1_4,1_4,1_4&#8243; use_custom_gutter=\u00bbon\u00bb gutter_width=\u00bb2&#8243; _builder_version=\u00bb4.18.0&#8243; _module_preset=\u00bbdefault\u00bb custom_padding=\u00bb0px|30px|30px|30px|false|false\u00bb hover_enabled=\u00bb0&#8243; global_colors_info=\u00bb{}\u00bb sticky_enabled=\u00bb0&#8243;][et_pb_column type=\u00bb1_4&#8243; _builder_version=\u00bb4.16&#8243; _module_preset=\u00bbdefault\u00bb global_colors_info=\u00bb{}\u00bb][et_pb_image src=\u00bbhttps:\/\/masterfoam.com\/wp-content\/uploads\/2022\/02\/Masterfoam_1600x1600_18-scaled.jpg\u00bb alt=\u00bbMASTERFOAM Filtro PET azul-blanco\u00bb title_text=\u00bbMASTERFOAM Filtro PET azul-blanco\u00bb show_in_lightbox=\u00bbon\u00bb _builder_version=\u00bb4.16&#8243; _module_preset=\u00bbdefault\u00bb custom_margin=\u00bb||20px||false|false\u00bb global_colors_info=\u00bb{}\u00bb][\/et_pb_image][et_pb_text _builder_version=\u00bb4.16&#8243; _module_preset=\u00bbdefault\u00bb text_font_size=\u00bb15px\u00bb header_2_font=\u00bb|600|||||||\u00bb header_2_font_size=\u00bb18px\u00bb custom_margin=\u00bb||15px||false|false\u00bb global_colors_info=\u00bb{}\u00bb]<\/p>\n<h2>Filtro PET azul-blanco<\/h2>\n<p>[\/et_pb_text][\/et_pb_column][et_pb_column type=\u00bb1_4&#8243; _builder_version=\u00bb4.16&#8243; _module_preset=\u00bbdefault\u00bb global_colors_info=\u00bb{}\u00bb][et_pb_image src=\u00bbhttps:\/\/masterfoam.com\/wp-content\/uploads\/2022\/02\/Masterfoam_1600x1600_17-scaled.jpg\u00bb alt=\u00bbMASTERFOAM PET de alta densidad\u00bb title_text=\u00bbMASTERFOAM PET de alta densidad\u00bb show_in_lightbox=\u00bbon\u00bb _builder_version=\u00bb4.16&#8243; _module_preset=\u00bbdefault\u00bb custom_margin=\u00bb||20px||false|false\u00bb global_colors_info=\u00bb{}\u00bb][\/et_pb_image][et_pb_text _builder_version=\u00bb4.16&#8243; _module_preset=\u00bbdefault\u00bb text_font_size=\u00bb15px\u00bb header_2_font=\u00bb|600|||||||\u00bb header_2_font_size=\u00bb18px\u00bb custom_margin=\u00bb||15px||false|false\u00bb global_colors_info=\u00bb{}\u00bb]<\/p>\n<h2>PET de alta densidad<\/h2>\n<p>[\/et_pb_text][\/et_pb_column][et_pb_column type=\u00bb1_4&#8243; _builder_version=\u00bb4.16&#8243; _module_preset=\u00bbdefault\u00bb global_colors_info=\u00bb{}\u00bb][et_pb_image src=\u00bbhttps:\/\/masterfoam.com\/wp-content\/uploads\/2022\/02\/Masterfoam_1600x1600_16-scaled.jpg\u00bb alt=\u00bbMASTERFOAM C\u00e9lula abierta de PE\u00bb title_text=\u00bbMASTERFOAM C\u00e9lula abierta de PE\u00bb show_in_lightbox=\u00bbon\u00bb _builder_version=\u00bb4.16&#8243; _module_preset=\u00bbdefault\u00bb custom_margin=\u00bb||20px||false|false\u00bb global_colors_info=\u00bb{}\u00bb][\/et_pb_image][et_pb_text _builder_version=\u00bb4.16&#8243; _module_preset=\u00bbdefault\u00bb text_font_size=\u00bb15px\u00bb header_2_font=\u00bb|600|||||||\u00bb header_2_font_size=\u00bb18px\u00bb custom_margin=\u00bb||15px||false|false\u00bb global_colors_info=\u00bb{}\u00bb]<\/p>\n<h2>C\u00e9lula abierta de PE<\/h2>\n<p>[\/et_pb_text][\/et_pb_column][et_pb_column type=\u00bb1_4&#8243; _builder_version=\u00bb4.16&#8243; _module_preset=\u00bbdefault\u00bb global_colors_info=\u00bb{}\u00bb][et_pb_image src=\u00bbhttps:\/\/masterfoam.com\/wp-content\/uploads\/2022\/02\/Masterfoam_1600x1600_15-scaled.jpg\u00bb alt=\u00bbMASTERFOAM PET 200gr\u00bb title_text=\u00bbMASTERFOAM PET 200gr\u00bb show_in_lightbox=\u00bbon\u00bb _builder_version=\u00bb4.16&#8243; _module_preset=\u00bbdefault\u00bb custom_margin=\u00bb||20px||false|false\u00bb global_colors_info=\u00bb{}\u00bb][\/et_pb_image][et_pb_text _builder_version=\u00bb4.16&#8243; _module_preset=\u00bbdefault\u00bb text_font_size=\u00bb15px\u00bb header_2_font=\u00bb|600|||||||\u00bb header_2_font_size=\u00bb18px\u00bb custom_margin=\u00bb||15px||false|false\u00bb global_colors_info=\u00bb{}\u00bb]<\/p>\n<h2>PET 200gr<\/h2>\n<p>[\/et_pb_text][\/et_pb_column][\/et_pb_row][et_pb_row column_structure=\u00bb1_4,1_4,1_4,1_4&#8243; use_custom_gutter=\u00bbon\u00bb gutter_width=\u00bb2&#8243; _builder_version=\u00bb4.18.0&#8243; _module_preset=\u00bbdefault\u00bb custom_padding=\u00bb0px|30px|30px|30px|false|false\u00bb hover_enabled=\u00bb0&#8243; global_colors_info=\u00bb{}\u00bb sticky_enabled=\u00bb0&#8243;][et_pb_column type=\u00bb1_4&#8243; _builder_version=\u00bb4.16&#8243; _module_preset=\u00bbdefault\u00bb global_colors_info=\u00bb{}\u00bb][et_pb_image src=\u00bbhttps:\/\/masterfoam.com\/wp-content\/uploads\/2022\/02\/Masterfoam_1600x1600_14-scaled.jpg\u00bb alt=\u00bbMASTERFOAM PU de alta densidad\u00bb title_text=\u00bbMASTERFOAM PU de alta densidad\u00bb show_in_lightbox=\u00bbon\u00bb _builder_version=\u00bb4.16&#8243; _module_preset=\u00bbdefault\u00bb custom_margin=\u00bb||20px||false|false\u00bb global_colors_info=\u00bb{}\u00bb][\/et_pb_image][et_pb_text _builder_version=\u00bb4.16&#8243; _module_preset=\u00bbdefault\u00bb text_font_size=\u00bb15px\u00bb header_2_font=\u00bb|600|||||||\u00bb header_2_font_size=\u00bb18px\u00bb custom_margin=\u00bb||15px||false|false\u00bb global_colors_info=\u00bb{}\u00bb]<\/p>\n<h2>PU de alta densidad<\/h2>\n<p>[\/et_pb_text][\/et_pb_column][et_pb_column type=\u00bb1_4&#8243; _builder_version=\u00bb4.16&#8243; _module_preset=\u00bbdefault\u00bb global_colors_info=\u00bb{}\u00bb][et_pb_image src=\u00bbhttps:\/\/masterfoam.com\/wp-content\/uploads\/2022\/02\/Masterfoam_1600x1600_13-scaled.jpg\u00bb alt=\u00bbMASTERFOAM PU Ether\u00bb title_text=\u00bbMASTERFOAM PU Ether\u00bb show_in_lightbox=\u00bbon\u00bb _builder_version=\u00bb4.16&#8243; _module_preset=\u00bbdefault\u00bb custom_margin=\u00bb||20px||false|false\u00bb global_colors_info=\u00bb{}\u00bb][\/et_pb_image][et_pb_text _builder_version=\u00bb4.16&#8243; _module_preset=\u00bbdefault\u00bb text_font_size=\u00bb15px\u00bb header_2_font=\u00bb|600|||||||\u00bb header_2_font_size=\u00bb18px\u00bb custom_margin=\u00bb||15px||false|false\u00bb global_colors_info=\u00bb{}\u00bb]<\/p>\n<h2>PU Ether<\/h2>\n<p>[\/et_pb_text][\/et_pb_column][et_pb_column type=\u00bb1_4&#8243; _builder_version=\u00bb4.16&#8243; _module_preset=\u00bbdefault\u00bb global_colors_info=\u00bb{}\u00bb][et_pb_image src=\u00bbhttps:\/\/masterfoam.com\/wp-content\/uploads\/2022\/02\/Masterfoam_1600x1600_11-scaled.jpg\u00bb alt=\u00bbMASTERFOAM Espuma para juntas de PU\u00bb title_text=\u00bbMASTERFOAM Espuma para juntas de PU\u00bb show_in_lightbox=\u00bbon\u00bb _builder_version=\u00bb4.16&#8243; _module_preset=\u00bbdefault\u00bb custom_margin=\u00bb||20px||false|false\u00bb global_colors_info=\u00bb{}\u00bb][\/et_pb_image][et_pb_text _builder_version=\u00bb4.16&#8243; _module_preset=\u00bbdefault\u00bb text_font_size=\u00bb15px\u00bb header_2_font=\u00bb|600|||||||\u00bb header_2_font_size=\u00bb18px\u00bb custom_margin=\u00bb||15px||false|false\u00bb global_colors_info=\u00bb{}\u00bb]<\/p>\n<h2>Espuma para juntas de PU<\/h2>\n<p>[\/et_pb_text][\/et_pb_column][et_pb_column type=\u00bb1_4&#8243; _builder_version=\u00bb4.16&#8243; _module_preset=\u00bbdefault\u00bb global_colors_info=\u00bb{}\u00bb][et_pb_image src=\u00bbhttps:\/\/masterfoam.com\/wp-content\/uploads\/2022\/02\/Masterfoam_1600x1600_10-scaled.jpg\u00bb alt=\u00bbMASTERFOAM PET 455 scrim\u00bb title_text=\u00bbMASTERFOAM PET 455 scrim\u00bb show_in_lightbox=\u00bbon\u00bb _builder_version=\u00bb4.16&#8243; _module_preset=\u00bbdefault\u00bb custom_margin=\u00bb||20px||false|false\u00bb global_colors_info=\u00bb{}\u00bb][\/et_pb_image][et_pb_text _builder_version=\u00bb4.16&#8243; _module_preset=\u00bbdefault\u00bb text_font_size=\u00bb15px\u00bb header_2_font=\u00bb|600|||||||\u00bb header_2_font_size=\u00bb18px\u00bb custom_margin=\u00bb||15px||false|false\u00bb global_colors_info=\u00bb{}\u00bb]<\/p>\n<h2>PET 455 scrim<\/h2>\n<p>[\/et_pb_text][\/et_pb_column][\/et_pb_row][et_pb_row column_structure=\u00bb1_4,1_4,1_4,1_4&#8243; use_custom_gutter=\u00bbon\u00bb gutter_width=\u00bb2&#8243; _builder_version=\u00bb4.18.0&#8243; _module_preset=\u00bbdefault\u00bb custom_padding=\u00bb0px|30px|30px|30px|false|false\u00bb hover_enabled=\u00bb0&#8243; global_colors_info=\u00bb{}\u00bb sticky_enabled=\u00bb0&#8243;][et_pb_column type=\u00bb1_4&#8243; _builder_version=\u00bb4.16&#8243; _module_preset=\u00bbdefault\u00bb global_colors_info=\u00bb{}\u00bb][et_pb_image src=\u00bbhttps:\/\/masterfoam.com\/wp-content\/uploads\/2022\/02\/Masterfoam_1600x1600_09-scaled.jpg\u00bb alt=\u00bbMASTERFOAM Fieltro SRH 1 mm\u00bb title_text=\u00bbMASTERFOAM Fieltro SRH 1 mm\u00bb show_in_lightbox=\u00bbon\u00bb _builder_version=\u00bb4.16&#8243; _module_preset=\u00bbdefault\u00bb custom_margin=\u00bb||20px||false|false\u00bb global_colors_info=\u00bb{}\u00bb][\/et_pb_image][et_pb_text _builder_version=\u00bb4.16&#8243; _module_preset=\u00bbdefault\u00bb text_font_size=\u00bb15px\u00bb header_2_font=\u00bb|600|||||||\u00bb header_2_font_size=\u00bb18px\u00bb custom_margin=\u00bb||15px||false|false\u00bb global_colors_info=\u00bb{}\u00bb]<\/p>\n<h2>Fieltro SRH 1 mm<\/h2>\n<p>[\/et_pb_text][\/et_pb_column][et_pb_column type=\u00bb1_4&#8243; _builder_version=\u00bb4.16&#8243; _module_preset=\u00bbdefault\u00bb global_colors_info=\u00bb{}\u00bb][et_pb_image src=\u00bbhttps:\/\/masterfoam.com\/wp-content\/uploads\/2022\/02\/Masterfoam_1600x1600_08-scaled.jpg\u00bb alt=\u00bbMASTERFOAM Cinta flocada SRH\u00bb title_text=\u00bbMASTERFOAM Cinta flocada SRH\u00bb show_in_lightbox=\u00bbon\u00bb _builder_version=\u00bb4.16&#8243; _module_preset=\u00bbdefault\u00bb custom_margin=\u00bb||20px||false|false\u00bb global_colors_info=\u00bb{}\u00bb][\/et_pb_image][et_pb_text _builder_version=\u00bb4.16&#8243; _module_preset=\u00bbdefault\u00bb text_font_size=\u00bb15px\u00bb header_2_font=\u00bb|600|||||||\u00bb header_2_font_size=\u00bb18px\u00bb custom_margin=\u00bb||15px||false|false\u00bb global_colors_info=\u00bb{}\u00bb]<\/p>\n<h2>Cinta flocada SRH<\/h2>\n<p>[\/et_pb_text][\/et_pb_column][et_pb_column type=\u00bb1_4&#8243; _builder_version=\u00bb4.16&#8243; _module_preset=\u00bbdefault\u00bb global_colors_info=\u00bb{}\u00bb][et_pb_image src=\u00bbhttps:\/\/masterfoam.com\/wp-content\/uploads\/2022\/02\/Masterfoam_1600x1600_07-scaled.jpg\u00bb alt=\u00bbMASTERFOAM PE antiest\u00e1tico no reticulado\u00bb title_text=\u00bbMASTERFOAM PE antiest\u00e1tico no reticulado\u00bb show_in_lightbox=\u00bbon\u00bb _builder_version=\u00bb4.16&#8243; _module_preset=\u00bbdefault\u00bb custom_margin=\u00bb||20px||false|false\u00bb global_colors_info=\u00bb{}\u00bb][\/et_pb_image][et_pb_text _builder_version=\u00bb4.16&#8243; _module_preset=\u00bbdefault\u00bb text_font_size=\u00bb15px\u00bb header_2_font=\u00bb|600|||||||\u00bb header_2_font_size=\u00bb18px\u00bb custom_margin=\u00bb||15px||false|false\u00bb global_colors_info=\u00bb{}\u00bb]<\/p>\n<h2>PE antiest\u00e1tico no reticulado<\/h2>\n<p>[\/et_pb_text][\/et_pb_column][et_pb_column type=\u00bb1_4&#8243; _builder_version=\u00bb4.16&#8243; _module_preset=\u00bbdefault\u00bb global_colors_info=\u00bb{}\u00bb][et_pb_image src=\u00bbhttps:\/\/masterfoam.com\/wp-content\/uploads\/2022\/02\/Masterfoam_1600x1600_06-scaled.jpg\u00bb alt=\u00bbMASTERFOAM Caucho celular\u00bb title_text=\u00bbMASTERFOAM Caucho celular\u00bb show_in_lightbox=\u00bbon\u00bb _builder_version=\u00bb4.16&#8243; _module_preset=\u00bbdefault\u00bb custom_margin=\u00bb||20px||false|false\u00bb global_colors_info=\u00bb{}\u00bb][\/et_pb_image][et_pb_text _builder_version=\u00bb4.16&#8243; _module_preset=\u00bbdefault\u00bb text_font_size=\u00bb15px\u00bb header_2_font=\u00bb|600|||||||\u00bb header_2_font_size=\u00bb18px\u00bb custom_margin=\u00bb||15px||false|false\u00bb global_colors_info=\u00bb{}\u00bb]<\/p>\n<h2>Caucho celular<\/h2>\n<p>[\/et_pb_text][\/et_pb_column][\/et_pb_row][et_pb_row column_structure=\u00bb1_4,1_4,1_4,1_4&#8243; use_custom_gutter=\u00bbon\u00bb gutter_width=\u00bb2&#8243; _builder_version=\u00bb4.18.0&#8243; _module_preset=\u00bbdefault\u00bb custom_padding=\u00bb0px|30px|30px|30px|false|false\u00bb hover_enabled=\u00bb0&#8243; global_colors_info=\u00bb{}\u00bb sticky_enabled=\u00bb0&#8243;][et_pb_column type=\u00bb1_4&#8243; _builder_version=\u00bb4.16&#8243; _module_preset=\u00bbdefault\u00bb global_colors_info=\u00bb{}\u00bb][et_pb_image src=\u00bbhttps:\/\/masterfoam.com\/wp-content\/uploads\/2022\/02\/Masterfoam_1600x1600_05-scaled.jpg\u00bb alt=\u00bbMASTERFOAM Rejilla\u00bb title_text=\u00bbMASTERFOAM Rejilla\u00bb show_in_lightbox=\u00bbon\u00bb _builder_version=\u00bb4.16&#8243; _module_preset=\u00bbdefault\u00bb custom_margin=\u00bb||20px||false|false\u00bb global_colors_info=\u00bb{}\u00bb][\/et_pb_image][et_pb_text _builder_version=\u00bb4.16&#8243; _module_preset=\u00bbdefault\u00bb text_font_size=\u00bb15px\u00bb header_2_font=\u00bb|600|||||||\u00bb header_2_font_size=\u00bb18px\u00bb custom_margin=\u00bb||15px||false|false\u00bb global_colors_info=\u00bb{}\u00bb]<\/p>\n<h2>Rejilla<\/h2>\n<p>[\/et_pb_text][\/et_pb_column][et_pb_column type=\u00bb1_4&#8243; _builder_version=\u00bb4.16&#8243; _module_preset=\u00bbdefault\u00bb global_colors_info=\u00bb{}\u00bb][et_pb_image src=\u00bbhttps:\/\/masterfoam.com\/wp-content\/uploads\/2022\/02\/Masterfoam_1600x1600_04-scaled.jpg\u00bb alt=\u00bbMASTERFOAM Caucho celular de alta densidad\u00bb title_text=\u00bbMASTERFOAM Caucho celular de alta densidad\u00bb show_in_lightbox=\u00bbon\u00bb _builder_version=\u00bb4.16&#8243; _module_preset=\u00bbdefault\u00bb custom_margin=\u00bb||20px||false|false\u00bb global_colors_info=\u00bb{}\u00bb][\/et_pb_image][et_pb_text _builder_version=\u00bb4.16&#8243; _module_preset=\u00bbdefault\u00bb text_font_size=\u00bb15px\u00bb header_2_font=\u00bb|600|||||||\u00bb header_2_font_size=\u00bb18px\u00bb custom_margin=\u00bb||15px||false|false\u00bb global_colors_info=\u00bb{}\u00bb]<\/p>\n<h2>Caucho celular de alta densidad<\/h2>\n<p>[\/et_pb_text][\/et_pb_column][et_pb_column type=\u00bb1_4&#8243; _builder_version=\u00bb4.16&#8243; _module_preset=\u00bbdefault\u00bb global_colors_info=\u00bb{}\u00bb][et_pb_image src=\u00bbhttps:\/\/masterfoam.com\/wp-content\/uploads\/2022\/02\/Masterfoam_1600x1600_03-scaled.jpg\u00bb alt=\u00bbMASTERFOAM Capa pesada\u00bb title_text=\u00bbMASTERFOAM Capa pesada\u00bb show_in_lightbox=\u00bbon\u00bb _builder_version=\u00bb4.16&#8243; _module_preset=\u00bbdefault\u00bb custom_margin=\u00bb||20px||false|false\u00bb global_colors_info=\u00bb{}\u00bb][\/et_pb_image][et_pb_text _builder_version=\u00bb4.16&#8243; _module_preset=\u00bbdefault\u00bb text_font_size=\u00bb15px\u00bb header_2_font=\u00bb|600|||||||\u00bb header_2_font_size=\u00bb18px\u00bb custom_margin=\u00bb||15px||false|false\u00bb global_colors_info=\u00bb{}\u00bb]<\/p>\n<h2>Capa pesada<\/h2>\n<p>[\/et_pb_text][\/et_pb_column][et_pb_column type=\u00bb1_4&#8243; _builder_version=\u00bb4.16&#8243; _module_preset=\u00bbdefault\u00bb global_colors_info=\u00bb{}\u00bb][\/et_pb_column][\/et_pb_row][\/et_pb_section][et_pb_section fb_built=\u00bb1&#8243; _builder_version=\u00bb4.16&#8243; _module_preset=\u00bbdefault\u00bb custom_padding=\u00bb0px||0px||false|false\u00bb border_color_all=\u00bb#FFFFFF\u00bb border_width_top=\u00bb1px\u00bb border_color_top=\u00bb#ededed\u00bb global_colors_info=\u00bb{}\u00bb][et_pb_row _builder_version=\u00bb4.16&#8243; _module_preset=\u00bbdefault\u00bb custom_padding=\u00bb15px|30px|15px|30px|false|false\u00bb global_colors_info=\u00bb{}\u00bb][et_pb_column type=\u00bb4_4&#8243; _builder_version=\u00bb4.16&#8243; _module_preset=\u00bbdefault\u00bb global_colors_info=\u00bb{}\u00bb][et_pb_code _builder_version=\u00bb4.16&#8243; _module_preset=\u00bbdefault\u00bb global_colors_info=\u00bb{}\u00bb]<nav aria-label=\"breadcrumbs\" class=\"rank-math-breadcrumb\"><p><span class=\"last\">Home<\/span><\/p><\/nav> [\/et_pb_code][\/et_pb_column][\/et_pb_row][\/et_pb_section]<\/p>\n","protected":false},"excerpt":{"rendered":"<p>M\u00e1s de 200 diferentes materiales todos los d\u00edasMaterialesLa variedad de materiales celulares, blandos y flexibles es casi ilimitada. Manejamos m\u00e1s de 200 materiales diferentes cada d\u00eda para satisfacer los m\u00e1s diversos requisitos de dise\u00f1o de productos. Los materiales son seleccionados por nosotros seg\u00fan las especificaciones y siempre reflejan el estado actual de desarrollo. En nuestras [&hellip;]<\/p>\n","protected":false},"author":1,"featured_media":0,"parent":0,"menu_order":0,"comment_status":"closed","ping_status":"closed","template":"","meta":{"_et_pb_use_builder":"on","_et_pb_old_content":"","_et_gb_content_width":"","footnotes":""},"class_list":["post-3807","page","type-page","status-publish","hentry"],"_links":{"self":[{"href":"https:\/\/masterfoam.com\/es\/wp-json\/wp\/v2\/pages\/3807","targetHints":{"allow":["GET"]}}],"collection":[{"href":"https:\/\/masterfoam.com\/es\/wp-json\/wp\/v2\/pages"}],"about":[{"href":"https:\/\/masterfoam.com\/es\/wp-json\/wp\/v2\/types\/page"}],"author":[{"embeddable":true,"href":"https:\/\/masterfoam.com\/es\/wp-json\/wp\/v2\/users\/1"}],"replies":[{"embeddable":true,"href":"https:\/\/masterfoam.com\/es\/wp-json\/wp\/v2\/comments?post=3807"}],"version-history":[{"count":4,"href":"https:\/\/masterfoam.com\/es\/wp-json\/wp\/v2\/pages\/3807\/revisions"}],"predecessor-version":[{"id":3815,"href":"https:\/\/masterfoam.com\/es\/wp-json\/wp\/v2\/pages\/3807\/revisions\/3815"}],"wp:attachment":[{"href":"https:\/\/masterfoam.com\/es\/wp-json\/wp\/v2\/media?parent=3807"}],"curies":[{"name":"wp","href":"https:\/\/api.w.org\/{rel}","templated":true}]}}